{"id":21324,"date":"2025-06-27T11:29:25","date_gmt":"2025-06-27T09:29:25","guid":{"rendered":"https:\/\/ilersis.org\/?page_id=21324"},"modified":"2025-06-27T11:37:50","modified_gmt":"2025-06-27T09:37:50","slug":"aviso-legal","status":"publish","type":"page","link":"https:\/\/ilersis.org\/es\/aviso-legal\/","title":{"rendered":"Aviso legal"},"content":{"rendered":"\t\t<div data-elementor-type=\"wp-page\" data-elementor-id=\"21324\" class=\"elementor elementor-21324 elementor-21323\" data-elementor-post-type=\"page\">\n\t\t\t\t<div class=\"elementor-element elementor-element-538415f e-flex e-con-boxed e-con e-parent\" data-id=\"538415f\" data-element_type=\"container\" data-settings=\"{&quot;background_background&quot;:&quot;classic&quot;,&quot;jet_parallax_layout_list&quot;:[]}\">\n\t\t\t\t\t<div class=\"e-con-inner\">\n\t\t\t\t<div class=\"elementor-element elementor-element-8574daf elementor-widget elementor-widget-heading\" data-id=\"8574daf\" data-element_type=\"widget\" data-widget_type=\"heading.default\">\n\t\t\t\t<div class=\"elementor-widget-container\">\n\t\t\t\t\t<h1 class=\"elementor-heading-title elementor-size-default\">Aviso legal<\/h1>\t\t\t\t<\/div>\n\t\t\t\t<\/div>\n\t\t\t\t\t<\/div>\n\t\t\t\t<\/div>\n\t\t<div class=\"elementor-element elementor-element-3cf0226 e-flex e-con-boxed e-con e-parent\" data-id=\"3cf0226\" data-element_type=\"container\" data-settings=\"{&quot;jet_parallax_layout_list&quot;:[]}\">\n\t\t\t\t\t<div class=\"e-con-inner\">\n\t\t<div class=\"elementor-element elementor-element-0d83794 e-con-full e-flex e-con e-child\" data-id=\"0d83794\" data-element_type=\"container\" data-settings=\"{&quot;jet_parallax_layout_list&quot;:[]}\">\n\t\t\t\t<div class=\"elementor-element elementor-element-b7c0810 elementor-widget elementor-widget-text-editor\" data-id=\"b7c0810\" data-element_type=\"widget\" data-widget_type=\"text-editor.default\">\n\t\t\t\t<div class=\"elementor-widget-container\">\n\t\t\t\t\t\t\t\t\t<h2><strong>LEY DE LOS SERVICIOS DE LA SOCIEDAD DE LA INFORMACI\u00d3N (LSSI)<\/strong><\/h2><p>Fundaci\u00f3n Privada Ilersis, responsable del sitio web, en lo sucesivo el RESPONSABLE, pone a disposici\u00f3n de los usuarios este documento, con el que pretende hacer cumplir las obligaciones que establece la Ley 34\/2002, de 11 de julio, de Servicios de la Sociedad de la Informaci\u00f3n y de Comercio Electr\u00f3nico (LSSICE), BOE N.\u00ba 166, as\u00ed como las condiciones de las condiciones son las condiciones de las condiciones de las condiciones de las condiciones<\/p><p>Cualquier persona que acceda a este sitio web asume el papel de usuario y se compromete a la observancia y cumplimiento riguroso de las disposiciones que se establecen, as\u00ed como a cualquier otra disposici\u00f3n legal se le aplique.<\/p><p>Fundaci\u00f3n Privada Ilersis se reserva el derecho de modificar cualquier tipo de informaci\u00f3n que pueda aparecer en el sitio web, sin la obligaci\u00f3n de preavisar o enterar a los usuarios de estas obligaciones, dado que se considera suficiente la publicaci\u00f3n en el sitio web de Fundaci\u00f3n Privada Ilersis.<\/p><p> <\/p><h3>1 | DATOS IDENTIFICATIVOS<\/h3><p>Nombre del dominio: ilersis.org\/<br> Nombre comercial: Fundaci\u00f3n Privada Ilersis<br> Denominaci\u00f3n social: Fundaci\u00f3n Privada Ilersis<br> NIF: G25025321<br> Domicilio social: C\/ Ramon Argil\u00e9s 27 , 25005 Lleida<br> Tel\u00e9fono: 973 22 17 88<br> E-mail: <a href=\"mailto:dpd@ilersis.org\">dpd@ilersis.org<\/a><\/p><p> <\/p><h3>2 | DERECHOS DE PROPIEDAD INTELECTUAL E INDUSTRIAL<\/h3><p>El sitio web, incluyendo a t\u00edtulo enunciativo pero no limitativo su programaci\u00f3n, edici\u00f3n, compilaci\u00f3n y otros elementos necesarios para su funcionamiento, los dise\u00f1os, logotipos, texto y\/o gr\u00e1ficos, son propiedad del RESPONSABLE o, en su caso, dispone de licencia o autorizaci\u00f3n expresa por parte de los autores. Todos los contenidos del sitio web se encuentran debidamente protegidos por la normativa de propiedad intelectual e industrial, as\u00ed como inscritos en los registros p\u00fablicos correspondientes. <\/p><p>Independientemente de la finalidad para la que fuesen destinados, la reproducci\u00f3n total o parcial, uso, explotaci\u00f3n, distribuci\u00f3n y comercializaci\u00f3n, requiere en todo caso la autorizaci\u00f3n escrita previa por parte del RESPONSABLE. Cualquier uso no autorizado previamente se considerar\u00e1 un incumplimiento grave de los derechos de propiedad intelectual o industrial del autor. <\/p><p>Los dise\u00f1os, logotipos, texto y\/o gr\u00e1ficos ajenos al RESPONSABLE y que puedan aparecer en el sitio web, pertenecen a sus respectivos propietarios, quienes son responsables de cualquier posible controversia que pueda desprenderse. El RESPONSABLE autoriza expresamente a que terceros puedan redirigir directamente a los contenidos concretos del sitio web, y en todo caso redirigir al sitio web principal de <a href=\"https:\/\/ilersis.org\/es\/\">ilersis.org<\/a> . <\/p><p>El RESPONSABLE reconoce a favor de sus titulares los correspondientes derechos de propiedad intelectual e industrial, sin implicar su sola menci\u00f3n o aparici\u00f3n en el sitio web la existencia de derechos o responsabilidad sobre los mismos, ni el apoyo, patrocinio o recomendaci\u00f3n por parte del RESPONSABLE.<\/p><p>Para efectuar cualquier tipo de observaci\u00f3n en cuanto a posibles incumplimientos de los derechos de propiedad intelectual o industrial, as\u00ed como sobre cualquiera de los contenidos del sitio web, puede hacerlo a trav\u00e9s del correo electr\u00f3nico <a href=\"mailto:dpd@ilersis.org\">dpd@ilersis.org<\/a> .<\/p><p> <\/p><h3>3 | EXENCI\u00d3N DE RESPONSABILIDADES<\/h3><p>El RESPONSABLE se exime de cualquier tipo de responsabilidad derivada de la informaci\u00f3n publicada en su sitio web siempre que no tenga conocimiento efectivo de que esta informaci\u00f3n haya sido manipulada o introducida por un tercero ajeno a la misma o, si lo tiene, haya actuado con diligencia para retirar los datos o hacer imposible el acceso a ellos.<\/p><p> <\/p><h4><strong>Uso de Cookies<\/strong><\/h4><p>Puede que este sitio web utilice cookies t\u00e9cnicas (peque\u00f1os archivos de informaci\u00f3n que el servidor env\u00eda al ordenador de quien accede a la p\u00e1gina) para llevar a cabo determinadas funciones que se consideran imprescindibles para el correcto funcionamiento y visualizaci\u00f3n de la web. Las cookies utilizadas tienen, en cualquier caso, car\u00e1cter temporal, con la \u00fanica finalidad de hacer que la navegaci\u00f3n sea m\u00e1s eficiente, desapareciendo al finalizar la sesi\u00f3n del usuario. En ning\u00fan caso, estas cookies proporcionan por s\u00ed mismas datos de car\u00e1cter personal y no se utilizar\u00e1n para recabar datos de este tipo.  <\/p><p>Mediante el uso de cookies tambi\u00e9n es posible que el servidor donde se encuentra la web reconozca el navegador que utiliza el usuario, con el fin de que la navegaci\u00f3n sea m\u00e1s sencilla, permitiendo, por ejemplo, el acceso de los usuarios que se hayan registrado previamente a las \u00e1reas, servicios, promociones o concursos reservados exclusivamente a ellos sin tener que registrarse en cada visita. y el n\u00famero de entradas, etc. En estos casos, las cookies son prescindibles t\u00e9cnicamente pero beneficiosas para el usuario. Este sitio web no instalar\u00e1 <em>cookies<\/em> prescindibles sin el consentimiento previo del usuario.   <\/p><p>El usuario tiene la posibilidad de configurar su navegador para ser alertado de la recepci\u00f3n de cookies y para impedir su instalaci\u00f3n en su equipo. Por favor, consulte las instrucciones de su navegador para ampliar esta informaci\u00f3n. <\/p><p> <\/p><h4><strong>Pol\u00edtica de enlaces<\/strong><\/h4><p>Desde el sitio web, es posible que se redirija a contenidos de terceros sitios web. Dado que el RESPONSABLE no puede controlar siempre los contenidos introducidos por terceros en sus respectivos sitios web, no asume ning\u00fan tipo de responsabilidad respecto a estos contenidos. En cualquier caso, retirar\u00e1 inmediatamente cualquier contenido que pueda transgredir la legislaci\u00f3n nacional o internacional, la moral o el orden p\u00fablico, retirando inmediatamente la redirecci\u00f3n a este sitio web y enterando a las autoridades competentes del contenido en cuesti\u00f3n.  <\/p><p>El RESPONSABLE no se hace responsable de la informaci\u00f3n y contenidos almacenados, a t\u00edtulo enunciativo pero no limitativo, en foros, chats, generadores de blogs, comentarios, redes sociales o cualquier otro medio que permita a terceros publicar contenidos de forma independiente en la p\u00e1gina web del RESPONSABLE. No obstante, y en cumplimiento de lo establecido en los art\u00edculos 11 y 16 de la LSSICE, se pone a disposici\u00f3n de todos los usuarios, autoridades y fuerzas de seguridad que colaboren de forma activa en la retirada o, en su caso, bloqueo de cuantos contenidos puedan afectar o transgredir la legislaci\u00f3n nacional o internacional, los derechos de terceros o la moral y el orden p\u00fablico. En caso de que el usuario considere que el sitio web contiene material que pueda ser susceptible de esta clasificaci\u00f3n, le rogamos que lo notifique inmediatamente al administrador del sitio web.  <\/p><p>Este sitio web se ha revisado y probado para que funcione correctamente. En principio, se puede garantizar que funcionar\u00e1 correctamente los 365 d\u00edas del a\u00f1o y las 24 horas al d\u00eda.  <\/p><p> <\/p><h4><strong>Direcciones IP<\/strong><\/h4><p>Los servidores del sitio web podr\u00e1n detectar autom\u00e1ticamente la direcci\u00f3n IP y el nombre del dominio utilizados por el usuario. Una direcci\u00f3n IP es un n\u00famero asignado autom\u00e1ticamente a un ordenador en cuanto se conecta a Internet. Toda esta informaci\u00f3n queda registrada en un archivo de actividad del servidor que permite procesar los datos posteriormente para obtener mediciones \u00fanicamente estad\u00edsticas que permitan conocer el n\u00famero de impresiones de p\u00e1ginas, el n\u00famero de visitas efectuadas a los servidores web, el orden de visitas, el punto de acceso, etc.  <\/p><p> <\/p><h3>4 | LEY APLICABLE Y JURISDICCI\u00d3N<\/h3><p>Para la resoluci\u00f3n de todas las controversias o cuestiones relacionadas con este sitio web o de las actividades que se llevan a cabo, se aplicar\u00e1 la legislaci\u00f3n espa\u00f1ola, a la que se someten expresamente las partes, los cuales tendr\u00e1n competencia suficiente para la resoluci\u00f3n de todos los conflictos derivados o relacionados con su uso los Juzgados y Tribunales del domicilio del USA.<\/p>\t\t\t\t\t\t\t\t<\/div>\n\t\t\t\t<\/div>\n\t\t\t\t<\/div>\n\t\t\t\t\t<\/div>\n\t\t\t\t<\/div>\n\t\t\t\t<\/div>\n\t\t","protected":false},"excerpt":{"rendered":"<p>LEY DE LOS SERVICIOS DE LA SOCIEDAD DE LA INFORMACI\u00d3N (LSSI) Fundaci\u00f3n Privada Ilersis, responsable del sitio web, en lo sucesivo el RESPONSABLE, pone a disposici\u00f3n de los usuarios este documento, con el que pretende hacer cumplir las obligaciones que establece la Ley 34\/2002, de 11 de julio, de Servicios de la Sociedad de la [&hellip;]<\/p>\n","protected":false},"author":3,"featured_media":0,"parent":0,"menu_order":0,"comment_status":"closed","ping_status":"closed","template":"elementor_header_footer","meta":{"footnotes":""},"class_list":["post-21324","page","type-page","status-publish","hentry"],"yoast_head":"<!-- This site is optimized with the Yoast SEO plugin v27.0 - https:\/\/yoast.com\/product\/yoast-seo-wordpress\/ -->\n<title>Aviso legal - Ilersis<\/title>\n<meta name=\"robots\" content=\"index, follow, max-snippet:-1, max-image-preview:large, max-video-preview:-1\" \/>\n<link rel=\"canonical\" href=\"https:\/\/ilersis.org\/es\/aviso-legal\/\" \/>\n<meta property=\"og:locale\" content=\"es_ES\" \/>\n<meta property=\"og:type\" content=\"article\" \/>\n<meta property=\"og:title\" content=\"Aviso legal - Ilersis\" \/>\n<meta property=\"og:description\" content=\"LEY DE LOS SERVICIOS DE LA SOCIEDAD DE LA INFORMACI\u00d3N (LSSI) Fundaci\u00f3n Privada Ilersis, responsable del sitio web, en lo sucesivo el RESPONSABLE, pone a disposici\u00f3n de los usuarios este documento, con el que pretende hacer cumplir las obligaciones que establece la Ley 34\/2002, de 11 de julio, de Servicios de la Sociedad de la [&hellip;]\" \/>\n<meta property=\"og:url\" content=\"https:\/\/ilersis.org\/es\/aviso-legal\/\" \/>\n<meta property=\"og:site_name\" content=\"Ilersis\" \/>\n<meta property=\"article:publisher\" content=\"https:\/\/www.facebook.com\/fundacioIlersis\" \/>\n<meta property=\"article:modified_time\" content=\"2025-06-27T09:37:50+00:00\" \/>\n<meta name=\"twitter:card\" content=\"summary_large_image\" \/>\n<meta name=\"twitter:site\" content=\"@ILERSISfundacio\" \/>\n<meta name=\"twitter:label1\" content=\"Tiempo de lectura\" \/>\n\t<meta name=\"twitter:data1\" content=\"6 minutos\" \/>\n<script type=\"application\/ld+json\" class=\"yoast-schema-graph\">{\"@context\":\"https:\/\/schema.org\",\"@graph\":[{\"@type\":\"WebPage\",\"@id\":\"https:\/\/ilersis.org\/es\/aviso-legal\/\",\"url\":\"https:\/\/ilersis.org\/es\/aviso-legal\/\",\"name\":\"Aviso legal - Ilersis\",\"isPartOf\":{\"@id\":\"https:\/\/ilersis.org\/es\/#website\"},\"datePublished\":\"2025-06-27T09:29:25+00:00\",\"dateModified\":\"2025-06-27T09:37:50+00:00\",\"breadcrumb\":{\"@id\":\"https:\/\/ilersis.org\/es\/aviso-legal\/#breadcrumb\"},\"inLanguage\":\"es\",\"potentialAction\":[{\"@type\":\"ReadAction\",\"target\":[\"https:\/\/ilersis.org\/es\/aviso-legal\/\"]}]},{\"@type\":\"BreadcrumbList\",\"@id\":\"https:\/\/ilersis.org\/es\/aviso-legal\/#breadcrumb\",\"itemListElement\":[{\"@type\":\"ListItem\",\"position\":1,\"name\":\"Hogar\",\"item\":\"https:\/\/ilersis.org\/es\/\"},{\"@type\":\"ListItem\",\"position\":2,\"name\":\"Aviso legal\"}]},{\"@type\":\"WebSite\",\"@id\":\"https:\/\/ilersis.org\/es\/#website\",\"url\":\"https:\/\/ilersis.org\/es\/\",\"name\":\"Ilersis\",\"description\":\"Fundaci\u00f3n Ilersis\",\"publisher\":{\"@id\":\"https:\/\/ilersis.org\/es\/#organization\"},\"potentialAction\":[{\"@type\":\"SearchAction\",\"target\":{\"@type\":\"EntryPoint\",\"urlTemplate\":\"https:\/\/ilersis.org\/es\/?s={search_term_string}\"},\"query-input\":{\"@type\":\"PropertyValueSpecification\",\"valueRequired\":true,\"valueName\":\"search_term_string\"}}],\"inLanguage\":\"es\"},{\"@type\":\"Organization\",\"@id\":\"https:\/\/ilersis.org\/es\/#organization\",\"name\":\"Ilersis Fundaci\u00f3 Privada\",\"url\":\"https:\/\/ilersis.org\/es\/\",\"logo\":{\"@type\":\"ImageObject\",\"inLanguage\":\"es\",\"@id\":\"https:\/\/ilersis.org\/es\/#\/schema\/logo\/image\/\",\"url\":\"https:\/\/ilersis.org\/wp-content\/uploads\/2024\/10\/logo-ilersis-sin-fondo.png\",\"contentUrl\":\"https:\/\/ilersis.org\/wp-content\/uploads\/2024\/10\/logo-ilersis-sin-fondo.png\",\"width\":595,\"height\":197,\"caption\":\"Ilersis Fundaci\u00f3 Privada\"},\"image\":{\"@id\":\"https:\/\/ilersis.org\/es\/#\/schema\/logo\/image\/\"},\"sameAs\":[\"https:\/\/www.facebook.com\/fundacioIlersis\",\"https:\/\/x.com\/ILERSISfundacio\",\"https:\/\/www.linkedin.com\/company\/fundacioilersis\/\"]}]}<\/script>\n<!-- \/ Yoast SEO plugin. -->","yoast_head_json":{"title":"Aviso legal - Ilersis","robots":{"index":"index","follow":"follow","max-snippet":"max-snippet:-1","max-image-preview":"max-image-preview:large","max-video-preview":"max-video-preview:-1"},"canonical":"https:\/\/ilersis.org\/es\/aviso-legal\/","og_locale":"es_ES","og_type":"article","og_title":"Aviso legal - Ilersis","og_description":"LEY DE LOS SERVICIOS DE LA SOCIEDAD DE LA INFORMACI\u00d3N (LSSI) Fundaci\u00f3n Privada Ilersis, responsable del sitio web, en lo sucesivo el RESPONSABLE, pone a disposici\u00f3n de los usuarios este documento, con el que pretende hacer cumplir las obligaciones que establece la Ley 34\/2002, de 11 de julio, de Servicios de la Sociedad de la [&hellip;]","og_url":"https:\/\/ilersis.org\/es\/aviso-legal\/","og_site_name":"Ilersis","article_publisher":"https:\/\/www.facebook.com\/fundacioIlersis","article_modified_time":"2025-06-27T09:37:50+00:00","twitter_card":"summary_large_image","twitter_site":"@ILERSISfundacio","twitter_misc":{"Tiempo de lectura":"6 minutos"},"schema":{"@context":"https:\/\/schema.org","@graph":[{"@type":"WebPage","@id":"https:\/\/ilersis.org\/es\/aviso-legal\/","url":"https:\/\/ilersis.org\/es\/aviso-legal\/","name":"Aviso legal - Ilersis","isPartOf":{"@id":"https:\/\/ilersis.org\/es\/#website"},"datePublished":"2025-06-27T09:29:25+00:00","dateModified":"2025-06-27T09:37:50+00:00","breadcrumb":{"@id":"https:\/\/ilersis.org\/es\/aviso-legal\/#breadcrumb"},"inLanguage":"es","potentialAction":[{"@type":"ReadAction","target":["https:\/\/ilersis.org\/es\/aviso-legal\/"]}]},{"@type":"BreadcrumbList","@id":"https:\/\/ilersis.org\/es\/aviso-legal\/#breadcrumb","itemListElement":[{"@type":"ListItem","position":1,"name":"Hogar","item":"https:\/\/ilersis.org\/es\/"},{"@type":"ListItem","position":2,"name":"Aviso legal"}]},{"@type":"WebSite","@id":"https:\/\/ilersis.org\/es\/#website","url":"https:\/\/ilersis.org\/es\/","name":"Ilersis","description":"Fundaci\u00f3n Ilersis","publisher":{"@id":"https:\/\/ilersis.org\/es\/#organization"},"potentialAction":[{"@type":"SearchAction","target":{"@type":"EntryPoint","urlTemplate":"https:\/\/ilersis.org\/es\/?s={search_term_string}"},"query-input":{"@type":"PropertyValueSpecification","valueRequired":true,"valueName":"search_term_string"}}],"inLanguage":"es"},{"@type":"Organization","@id":"https:\/\/ilersis.org\/es\/#organization","name":"Ilersis Fundaci\u00f3 Privada","url":"https:\/\/ilersis.org\/es\/","logo":{"@type":"ImageObject","inLanguage":"es","@id":"https:\/\/ilersis.org\/es\/#\/schema\/logo\/image\/","url":"https:\/\/ilersis.org\/wp-content\/uploads\/2024\/10\/logo-ilersis-sin-fondo.png","contentUrl":"https:\/\/ilersis.org\/wp-content\/uploads\/2024\/10\/logo-ilersis-sin-fondo.png","width":595,"height":197,"caption":"Ilersis Fundaci\u00f3 Privada"},"image":{"@id":"https:\/\/ilersis.org\/es\/#\/schema\/logo\/image\/"},"sameAs":["https:\/\/www.facebook.com\/fundacioIlersis","https:\/\/x.com\/ILERSISfundacio","https:\/\/www.linkedin.com\/company\/fundacioilersis\/"]}]}},"_links":{"self":[{"href":"https:\/\/ilersis.org\/es\/wp-json\/wp\/v2\/pages\/21324","targetHints":{"allow":["GET"]}}],"collection":[{"href":"https:\/\/ilersis.org\/es\/wp-json\/wp\/v2\/pages"}],"about":[{"href":"https:\/\/ilersis.org\/es\/wp-json\/wp\/v2\/types\/page"}],"author":[{"embeddable":true,"href":"https:\/\/ilersis.org\/es\/wp-json\/wp\/v2\/users\/3"}],"replies":[{"embeddable":true,"href":"https:\/\/ilersis.org\/es\/wp-json\/wp\/v2\/comments?post=21324"}],"version-history":[{"count":4,"href":"https:\/\/ilersis.org\/es\/wp-json\/wp\/v2\/pages\/21324\/revisions"}],"predecessor-version":[{"id":21335,"href":"https:\/\/ilersis.org\/es\/wp-json\/wp\/v2\/pages\/21324\/revisions\/21335"}],"wp:attachment":[{"href":"https:\/\/ilersis.org\/es\/wp-json\/wp\/v2\/media?parent=21324"}],"curies":[{"name":"wp","href":"https:\/\/api.w.org\/{rel}","templated":true}]}}