{"id":19669,"date":"2024-11-19T18:29:20","date_gmt":"2024-11-19T16:29:20","guid":{"rendered":"https:\/\/ilersis.org\/politica-de-privacidad-y-aviso-legal\/"},"modified":"2025-06-27T11:42:08","modified_gmt":"2025-06-27T09:42:08","slug":"politica-de-privacidad","status":"publish","type":"page","link":"https:\/\/ilersis.org\/es\/politica-de-privacidad\/","title":{"rendered":"Pol\u00edtica de privacidad"},"content":{"rendered":"\t\t<div data-elementor-type=\"wp-page\" data-elementor-id=\"19669\" class=\"elementor elementor-19669 elementor-961\" data-elementor-post-type=\"page\">\n\t\t\t\t<div class=\"elementor-element elementor-element-4b3a0e7 e-flex e-con-boxed e-con e-parent\" data-id=\"4b3a0e7\" data-element_type=\"container\" data-settings=\"{&quot;background_background&quot;:&quot;classic&quot;,&quot;jet_parallax_layout_list&quot;:[]}\">\n\t\t\t\t\t<div class=\"e-con-inner\">\n\t\t\t\t<div class=\"elementor-element elementor-element-a81bd7b elementor-widget elementor-widget-heading\" data-id=\"a81bd7b\" data-element_type=\"widget\" data-widget_type=\"heading.default\">\n\t\t\t\t<div class=\"elementor-widget-container\">\n\t\t\t\t\t<h1 class=\"elementor-heading-title elementor-size-default\">Pol\u00edtica de privacidad<\/h1>\t\t\t\t<\/div>\n\t\t\t\t<\/div>\n\t\t\t\t\t<\/div>\n\t\t\t\t<\/div>\n\t\t<div class=\"elementor-element elementor-element-ac42830 e-flex e-con-boxed e-con e-parent\" data-id=\"ac42830\" data-element_type=\"container\" data-settings=\"{&quot;jet_parallax_layout_list&quot;:[]}\">\n\t\t\t\t\t<div class=\"e-con-inner\">\n\t\t<div class=\"elementor-element elementor-element-9f0a054 e-con-full e-flex e-con e-child\" data-id=\"9f0a054\" data-element_type=\"container\" data-settings=\"{&quot;jet_parallax_layout_list&quot;:[]}\">\n\t\t\t\t<div class=\"elementor-element elementor-element-afd0693 elementor-widget elementor-widget-text-editor\" data-id=\"afd0693\" data-element_type=\"widget\" data-widget_type=\"text-editor.default\">\n\t\t\t\t<div class=\"elementor-widget-container\">\n\t\t\t\t\t\t\t\t\t<h2><strong>1 | INFORMACI\u00d3N AL USUARIO<\/strong><\/h2><h3>\u00bfQui\u00e9n es el responsable del tratamiento de tus datos personales?<\/h3><p><strong>Fundaci\u00f3n Privada Ilersis<\/strong> es el RESPONSABLE del tratamiento de los datos personales del USUARIO y le informa de que estos datos ser\u00e1n tratados de conformidad con lo dispuesto en el Reglamento (UE) 2016\/679, de 27 de abril (GDPR), y la Ley Org\u00e1nica 3\/2018, de 5 de diciembre (LOPDGDD).<\/p><h3>\u00bfPara qu\u00e9 tratamos tus datos personales y por qu\u00e9 lo hacemos?<\/h3><p>Seg\u00fan el formulario donde hayamos obtenido sus datos personales, los trataremos de manera confidencial para alcanzar los siguientes fines:<\/p><ul><li>En el formulario <strong>Donaciones<\/strong> :<ul><li>Para gestionar y cumplir las obligaciones legales derivadas de la donaci\u00f3n que usted realiza<ul><li>( <em>para el cumplimiento de una obligaci\u00f3n legal, art. 6.1.c RGPD<\/em> )<\/li><\/ul><\/li><\/ul><\/li><li>En el formulario <strong>Contacto<\/strong> :<ul><li>Dar respuesta a las consultas o cualquier tipo de petici\u00f3n que sea realizada por el usuario a trav\u00e9s de cualquiera de las formas de contacto que se ponen a su disposici\u00f3n en la p\u00e1gina web del responsable.<ul><li>( <em>por inter\u00e9s leg\u00edtimo del responsable, art. 6.1.f RGPD<\/em> )<\/li><\/ul><\/li><li>Enviar comunicaciones comerciales publicitarias por e-mail, fax, SMS, MMS, redes sociales o cualquier otro medio electr\u00f3nico o f\u00edsico, presente o futuro, que posibilite realizar comunicaciones comerciales. Estas comunicaciones ser\u00e1n realizadas por el responsable y estar\u00e1n relacionadas con sus productos y servicios, o de sus colaboradores o proveedores, con los que este haya alcanzado alg\u00fan acuerdo de promoci\u00f3n. En este caso, los terceros nunca tendr\u00e1n acceso a los datos personales.<ul><li>( <em>con el consentimiento del interesado, art. 6.1.a RGPD<\/em> )<\/li><\/ul><\/li><li>Realizar an\u00e1lisis estad\u00edsticos y estudios de mercado.<ul><li>( <em>por inter\u00e9s leg\u00edtimo del responsable, art. 6.1.f RGPD<\/em> )<\/li><\/ul><\/li><\/ul><\/li><li>En el formulario <strong>Curr\u00edculum<\/strong> :<ul><li>Hacer part\u00edcipe al interesado en los procesos de selecci\u00f3n de personal y analizar el perfil del solicitante con el objetivo de seleccionar un candidato para el puesto vacante del responsable.<ul><li>( <em>con el consentimiento del interesado, art. 6.1.a RGPD<\/em> )<\/li><\/ul><\/li><\/ul><\/li><li>En el formulario <strong>Newsletter<\/strong> :<ul><li>Remitir boletines informativos, novedades, ofertas y promociones online.<ul><li>( <em>con el consentimiento del interesado, art. 6.1.a RGPD<\/em> )<\/li><\/ul><\/li><\/ul><\/li><li>En el formulario <strong>Foro online<\/strong> :<ul><li>Participar en los foros online propuestos por el responsable.<ul><li>( <em>con el consentimiento del interesado, art. 6.1.a RGPD<\/em> )<\/li><\/ul><\/li><\/ul><\/li><li>En el formulario <strong>Comentarios<\/strong> :<ul><li>Moderar y publicar en la p\u00e1gina web las opiniones sobre una publicaci\u00f3n.<ul><li>( <em>con el consentimiento del interesado, art. 6.1.a RGPD<\/em> )<\/li><\/ul><\/li><\/ul><\/li><\/ul><h3>\u00bfDurante cu\u00e1nto tiempo guardaremos tus datos personales?<\/h3><p>Se conservar\u00e1n durante no m\u00e1s tiempo del necesario para mantener el fin del tratamiento o existan prescripciones legales que dictaminen su custodia y cuando ya no sea necesario para ello, se suprimir\u00e1n con medidas de seguridad adecuadas para garantizar la anonimizaci\u00f3n de los datos o la destrucci\u00f3n total de los mismos. <\/p><h3>\u00bfA qui\u00e9n facilitamos tus datos personales?<\/h3><p>No est\u00e1 prevista ninguna comunicaci\u00f3n de datos personales a terceros salvo, si fuese necesario para el desarrollo y ejecuci\u00f3n de las finalidades del tratamiento, a nuestros proveedores de servicios relacionados con comunicaciones, con los cuales el RESPONSABLE tiene suscritos los contratos de confidencialidad y de encargado de tratamiento exigidos por la normativa vigente de privacidad. <\/p><h3>\u00bfCu\u00e1les son tus derechos?<\/h3><p>Los derechos que asisten al USUARIO son:<\/p><ul><li>Derecho a retirar el consentimiento en cualquier momento.<\/li><li>Derecho de acceso, rectificaci\u00f3n, portabilidad y supresi\u00f3n de sus datos, y de limitaci\u00f3n u oposici\u00f3n a su tratamiento.<\/li><li>Derecho a presentar una reclamaci\u00f3n ante la autoridad de control ( <a href=\"http:\/\/www.aepd.es\">aepd.es<\/a> ) si considera que el tratamiento no se ajusta a la normativa vigente.<\/li><\/ul><h3>Datos de contacto para ejercer sus derechos:<\/h3><p>Fundaci\u00f3n Privada Ilersis<br> C\/ Ramon Argil\u00e9s, 27 &#8211; 25005 Lleida<br> Correo electr\u00f3nico: <a href=\"mailto:dpd@ilersis.org\">dpd@ilersis.org<\/a><\/p><h3>Datos de contacto del delegado de protecci\u00f3n de datos:<\/h3><p>MAINPRO CONSULTORES, SLU<br> Av. Pau Claris, 44, 25700 La Seu d&#8217;Urgell <br><a href=\"mailto:dpo@mainprosl.com\">dpo@mainprosl.com<\/a><\/p>\t\t\t\t\t\t\t\t<\/div>\n\t\t\t\t<\/div>\n\t\t\t\t<div class=\"elementor-element elementor-element-00b65c1 elementor-widget elementor-widget-spacer\" data-id=\"00b65c1\" data-element_type=\"widget\" data-widget_type=\"spacer.default\">\n\t\t\t\t<div class=\"elementor-widget-container\">\n\t\t\t\t\t\t\t<div class=\"elementor-spacer\">\n\t\t\t<div class=\"elementor-spacer-inner\"><\/div>\n\t\t<\/div>\n\t\t\t\t\t\t<\/div>\n\t\t\t\t<\/div>\n\t\t\t\t<div class=\"elementor-element elementor-element-8161124 elementor-widget elementor-widget-text-editor\" data-id=\"8161124\" data-element_type=\"widget\" data-widget_type=\"text-editor.default\">\n\t\t\t\t<div class=\"elementor-widget-container\">\n\t\t\t\t\t\t\t\t\t<h2><strong>2 | CAR\u00c1CTER OBLIGATORIO O FACULTATIVO DE LA INFORMACI\u00d3N FACILITADA POR EL USUARIO<\/strong><\/h2><p>Los USUARIOS, mediante la marcaci\u00f3n de las casillas correspondientes y la entrada de datos en los campos, marcados con un asterisco (*) en el formulario de contacto o presentados en formularios de descarga, aceptan expresamente y de forma libre e inequ\u00edvoca, que sus datos son necesarios para atender su petici\u00f3n, por parte del prestador, siendo voluntaria la inclusi\u00f3n de datos en los campos restantes. <\/p><p>El USUARIO garantiza que los datos personales facilitados al RESPONSABLE son veraces y se hace responsable de comunicar cualquier modificaci\u00f3n de los mismos.<\/p><p>El RESPONSABLE informa de que todos los datos solicitados a trav\u00e9s del sitio web son obligatorios, ya que son necesarios para la prestaci\u00f3n de un servicio \u00f3ptimo al USUARIO. En caso de que no se faciliten todos los datos, no se garantiza que la informaci\u00f3n y servicios facilitados sean completamente ajustados a sus necesidades. <\/p>\t\t\t\t\t\t\t\t<\/div>\n\t\t\t\t<\/div>\n\t\t\t\t<div class=\"elementor-element elementor-element-654efb7 elementor-widget elementor-widget-spacer\" data-id=\"654efb7\" data-element_type=\"widget\" data-widget_type=\"spacer.default\">\n\t\t\t\t<div class=\"elementor-widget-container\">\n\t\t\t\t\t\t\t<div class=\"elementor-spacer\">\n\t\t\t<div class=\"elementor-spacer-inner\"><\/div>\n\t\t<\/div>\n\t\t\t\t\t\t<\/div>\n\t\t\t\t<\/div>\n\t\t\t\t<div class=\"elementor-element elementor-element-1d67d4c elementor-widget elementor-widget-text-editor\" data-id=\"1d67d4c\" data-element_type=\"widget\" data-widget_type=\"text-editor.default\">\n\t\t\t\t<div class=\"elementor-widget-container\">\n\t\t\t\t\t\t\t\t\t<h2><strong>3 | MEDIDAS DE SEGURIDAD<\/strong><\/h2><p>Que de conformidad con lo dispuesto en las normativas vigentes en protecci\u00f3n de datos personales, el RESPONSABLE est\u00e1 cumpliendo con todas las disposiciones de las normativas GDPR y LOPDGDD para el tratamiento de los datos personales de su responsabilidad, y manifiestamente con los principios descritos en el art\u00edculo 5 del GDPR, por los cuales son tratados de manera l\u00edcita, leal y transparente en relaci\u00f3n con el interesado y adecuados, pertinentes y limitados a lo necesario en relaci\u00f3n con los fines para los que son tratados.<\/p><p>El RESPONSABLE garantiza que ha implementado pol\u00edticas t\u00e9cnicas y organizativas apropiadas para aplicar las medidas de seguridad que establecen el GDPR y la LOPDGDD con el fin de proteger los derechos y libertades de los USUARIOS y les ha comunicado la informaci\u00f3n adecuada para que puedan ejercerlos.<\/p><p>Para m\u00e1s informaci\u00f3n sobre las garant\u00edas de privacidad, puedes dirigirte al RESPONSABLE a trav\u00e9s de Fundaci\u00f3n Privada Ilersis. C\/ Ramon Argil\u00e9s, 27 &#8211; 25005 Lleida (Lleida). E-mail: dpd@ilersis.org<br><strong>Datos de contacto del delegado de protecci\u00f3n de datos:<\/strong> MAINPRO CONSULTORS, SLU, Av. Pau Claris, 44, 25700 La Seu d\u2019 Urgell &#8211; <a href=\"mailto:dpo@mainprosl.com\">dpo@mainprosl.com<\/a><\/p><p> <\/p>\t\t\t\t\t\t\t\t<\/div>\n\t\t\t\t<\/div>\n\t\t\t\t<\/div>\n\t\t\t\t\t<\/div>\n\t\t\t\t<\/div>\n\t\t\t\t<\/div>\n\t\t","protected":false},"excerpt":{"rendered":"<p>1 | INFORMACI\u00d3N AL USUARIO \u00bfQui\u00e9n es el responsable del tratamiento de tus datos personales? Fundaci\u00f3n Privada Ilersis es el RESPONSABLE del tratamiento de los datos personales del USUARIO y le informa de que estos datos ser\u00e1n tratados de conformidad con lo dispuesto en el Reglamento (UE) 2016\/679, de 27 de abril (GDPR), y la [&hellip;]<\/p>\n","protected":false},"author":1,"featured_media":0,"parent":0,"menu_order":0,"comment_status":"closed","ping_status":"closed","template":"elementor_header_footer","meta":{"footnotes":""},"class_list":["post-19669","page","type-page","status-publish","hentry"],"yoast_head":"<!-- This site is optimized with the Yoast SEO plugin v27.0 - https:\/\/yoast.com\/product\/yoast-seo-wordpress\/ -->\n<title>Pol\u00edtica de privacidad - Ilersis<\/title>\n<meta name=\"robots\" content=\"index, follow, max-snippet:-1, max-image-preview:large, max-video-preview:-1\" \/>\n<link rel=\"canonical\" href=\"https:\/\/ilersis.org\/es\/politica-de-privacidad\/\" \/>\n<meta property=\"og:locale\" content=\"es_ES\" \/>\n<meta property=\"og:type\" content=\"article\" \/>\n<meta property=\"og:title\" content=\"Pol\u00edtica de privacidad - Ilersis\" \/>\n<meta property=\"og:description\" content=\"1 | INFORMACI\u00d3N AL USUARIO \u00bfQui\u00e9n es el responsable del tratamiento de tus datos personales? Fundaci\u00f3n Privada Ilersis es el RESPONSABLE del tratamiento de los datos personales del USUARIO y le informa de que estos datos ser\u00e1n tratados de conformidad con lo dispuesto en el Reglamento (UE) 2016\/679, de 27 de abril (GDPR), y la [&hellip;]\" \/>\n<meta property=\"og:url\" content=\"https:\/\/ilersis.org\/es\/politica-de-privacidad\/\" \/>\n<meta property=\"og:site_name\" content=\"Ilersis\" \/>\n<meta property=\"article:publisher\" content=\"https:\/\/www.facebook.com\/fundacioIlersis\" \/>\n<meta property=\"article:modified_time\" content=\"2025-06-27T09:42:08+00:00\" \/>\n<meta name=\"twitter:card\" content=\"summary_large_image\" \/>\n<meta name=\"twitter:site\" content=\"@ILERSISfundacio\" \/>\n<meta name=\"twitter:label1\" content=\"Tiempo de lectura\" \/>\n\t<meta name=\"twitter:data1\" content=\"5 minutos\" \/>\n<script type=\"application\/ld+json\" class=\"yoast-schema-graph\">{\"@context\":\"https:\/\/schema.org\",\"@graph\":[{\"@type\":\"WebPage\",\"@id\":\"https:\/\/ilersis.org\/es\/politica-de-privacidad\/\",\"url\":\"https:\/\/ilersis.org\/es\/politica-de-privacidad\/\",\"name\":\"Pol\u00edtica de privacidad - Ilersis\",\"isPartOf\":{\"@id\":\"https:\/\/ilersis.org\/es\/#website\"},\"datePublished\":\"2024-11-19T16:29:20+00:00\",\"dateModified\":\"2025-06-27T09:42:08+00:00\",\"breadcrumb\":{\"@id\":\"https:\/\/ilersis.org\/es\/politica-de-privacidad\/#breadcrumb\"},\"inLanguage\":\"es\",\"potentialAction\":[{\"@type\":\"ReadAction\",\"target\":[\"https:\/\/ilersis.org\/es\/politica-de-privacidad\/\"]}]},{\"@type\":\"BreadcrumbList\",\"@id\":\"https:\/\/ilersis.org\/es\/politica-de-privacidad\/#breadcrumb\",\"itemListElement\":[{\"@type\":\"ListItem\",\"position\":1,\"name\":\"Hogar\",\"item\":\"https:\/\/ilersis.org\/es\/\"},{\"@type\":\"ListItem\",\"position\":2,\"name\":\"Pol\u00edtica de privacidad\"}]},{\"@type\":\"WebSite\",\"@id\":\"https:\/\/ilersis.org\/es\/#website\",\"url\":\"https:\/\/ilersis.org\/es\/\",\"name\":\"Ilersis\",\"description\":\"Fundaci\u00f3n Ilersis\",\"publisher\":{\"@id\":\"https:\/\/ilersis.org\/es\/#organization\"},\"potentialAction\":[{\"@type\":\"SearchAction\",\"target\":{\"@type\":\"EntryPoint\",\"urlTemplate\":\"https:\/\/ilersis.org\/es\/?s={search_term_string}\"},\"query-input\":{\"@type\":\"PropertyValueSpecification\",\"valueRequired\":true,\"valueName\":\"search_term_string\"}}],\"inLanguage\":\"es\"},{\"@type\":\"Organization\",\"@id\":\"https:\/\/ilersis.org\/es\/#organization\",\"name\":\"Ilersis Fundaci\u00f3 Privada\",\"url\":\"https:\/\/ilersis.org\/es\/\",\"logo\":{\"@type\":\"ImageObject\",\"inLanguage\":\"es\",\"@id\":\"https:\/\/ilersis.org\/es\/#\/schema\/logo\/image\/\",\"url\":\"https:\/\/ilersis.org\/wp-content\/uploads\/2024\/10\/logo-ilersis-sin-fondo.png\",\"contentUrl\":\"https:\/\/ilersis.org\/wp-content\/uploads\/2024\/10\/logo-ilersis-sin-fondo.png\",\"width\":595,\"height\":197,\"caption\":\"Ilersis Fundaci\u00f3 Privada\"},\"image\":{\"@id\":\"https:\/\/ilersis.org\/es\/#\/schema\/logo\/image\/\"},\"sameAs\":[\"https:\/\/www.facebook.com\/fundacioIlersis\",\"https:\/\/x.com\/ILERSISfundacio\",\"https:\/\/www.linkedin.com\/company\/fundacioilersis\/\"]}]}<\/script>\n<!-- \/ Yoast SEO plugin. -->","yoast_head_json":{"title":"Pol\u00edtica de privacidad - Ilersis","robots":{"index":"index","follow":"follow","max-snippet":"max-snippet:-1","max-image-preview":"max-image-preview:large","max-video-preview":"max-video-preview:-1"},"canonical":"https:\/\/ilersis.org\/es\/politica-de-privacidad\/","og_locale":"es_ES","og_type":"article","og_title":"Pol\u00edtica de privacidad - Ilersis","og_description":"1 | INFORMACI\u00d3N AL USUARIO \u00bfQui\u00e9n es el responsable del tratamiento de tus datos personales? Fundaci\u00f3n Privada Ilersis es el RESPONSABLE del tratamiento de los datos personales del USUARIO y le informa de que estos datos ser\u00e1n tratados de conformidad con lo dispuesto en el Reglamento (UE) 2016\/679, de 27 de abril (GDPR), y la [&hellip;]","og_url":"https:\/\/ilersis.org\/es\/politica-de-privacidad\/","og_site_name":"Ilersis","article_publisher":"https:\/\/www.facebook.com\/fundacioIlersis","article_modified_time":"2025-06-27T09:42:08+00:00","twitter_card":"summary_large_image","twitter_site":"@ILERSISfundacio","twitter_misc":{"Tiempo de lectura":"5 minutos"},"schema":{"@context":"https:\/\/schema.org","@graph":[{"@type":"WebPage","@id":"https:\/\/ilersis.org\/es\/politica-de-privacidad\/","url":"https:\/\/ilersis.org\/es\/politica-de-privacidad\/","name":"Pol\u00edtica de privacidad - Ilersis","isPartOf":{"@id":"https:\/\/ilersis.org\/es\/#website"},"datePublished":"2024-11-19T16:29:20+00:00","dateModified":"2025-06-27T09:42:08+00:00","breadcrumb":{"@id":"https:\/\/ilersis.org\/es\/politica-de-privacidad\/#breadcrumb"},"inLanguage":"es","potentialAction":[{"@type":"ReadAction","target":["https:\/\/ilersis.org\/es\/politica-de-privacidad\/"]}]},{"@type":"BreadcrumbList","@id":"https:\/\/ilersis.org\/es\/politica-de-privacidad\/#breadcrumb","itemListElement":[{"@type":"ListItem","position":1,"name":"Hogar","item":"https:\/\/ilersis.org\/es\/"},{"@type":"ListItem","position":2,"name":"Pol\u00edtica de privacidad"}]},{"@type":"WebSite","@id":"https:\/\/ilersis.org\/es\/#website","url":"https:\/\/ilersis.org\/es\/","name":"Ilersis","description":"Fundaci\u00f3n Ilersis","publisher":{"@id":"https:\/\/ilersis.org\/es\/#organization"},"potentialAction":[{"@type":"SearchAction","target":{"@type":"EntryPoint","urlTemplate":"https:\/\/ilersis.org\/es\/?s={search_term_string}"},"query-input":{"@type":"PropertyValueSpecification","valueRequired":true,"valueName":"search_term_string"}}],"inLanguage":"es"},{"@type":"Organization","@id":"https:\/\/ilersis.org\/es\/#organization","name":"Ilersis Fundaci\u00f3 Privada","url":"https:\/\/ilersis.org\/es\/","logo":{"@type":"ImageObject","inLanguage":"es","@id":"https:\/\/ilersis.org\/es\/#\/schema\/logo\/image\/","url":"https:\/\/ilersis.org\/wp-content\/uploads\/2024\/10\/logo-ilersis-sin-fondo.png","contentUrl":"https:\/\/ilersis.org\/wp-content\/uploads\/2024\/10\/logo-ilersis-sin-fondo.png","width":595,"height":197,"caption":"Ilersis Fundaci\u00f3 Privada"},"image":{"@id":"https:\/\/ilersis.org\/es\/#\/schema\/logo\/image\/"},"sameAs":["https:\/\/www.facebook.com\/fundacioIlersis","https:\/\/x.com\/ILERSISfundacio","https:\/\/www.linkedin.com\/company\/fundacioilersis\/"]}]}},"_links":{"self":[{"href":"https:\/\/ilersis.org\/es\/wp-json\/wp\/v2\/pages\/19669","targetHints":{"allow":["GET"]}}],"collection":[{"href":"https:\/\/ilersis.org\/es\/wp-json\/wp\/v2\/pages"}],"about":[{"href":"https:\/\/ilersis.org\/es\/wp-json\/wp\/v2\/types\/page"}],"author":[{"embeddable":true,"href":"https:\/\/ilersis.org\/es\/wp-json\/wp\/v2\/users\/1"}],"replies":[{"embeddable":true,"href":"https:\/\/ilersis.org\/es\/wp-json\/wp\/v2\/comments?post=19669"}],"version-history":[{"count":4,"href":"https:\/\/ilersis.org\/es\/wp-json\/wp\/v2\/pages\/19669\/revisions"}],"predecessor-version":[{"id":21322,"href":"https:\/\/ilersis.org\/es\/wp-json\/wp\/v2\/pages\/19669\/revisions\/21322"}],"wp:attachment":[{"href":"https:\/\/ilersis.org\/es\/wp-json\/wp\/v2\/media?parent=19669"}],"curies":[{"name":"wp","href":"https:\/\/api.w.org\/{rel}","templated":true}]}}