{"id":19639,"date":"2024-11-01T17:02:03","date_gmt":"2024-11-01T15:02:03","guid":{"rendered":"https:\/\/ilersis.org\/deporte\/"},"modified":"2025-02-15T09:06:06","modified_gmt":"2025-02-15T07:06:06","slug":"deporte","status":"publish","type":"page","link":"https:\/\/ilersis.org\/es\/deporte\/","title":{"rendered":"Deporte"},"content":{"rendered":"\t\t<div data-elementor-type=\"wp-page\" data-elementor-id=\"19639\" class=\"elementor elementor-19639 elementor-423\" data-elementor-post-type=\"page\">\n\t\t\t\t<div class=\"elementor-element elementor-element-c52acd5 e-flex e-con-boxed e-con e-parent\" data-id=\"c52acd5\" data-element_type=\"container\" data-settings=\"{&quot;background_background&quot;:&quot;classic&quot;,&quot;jet_parallax_layout_list&quot;:[]}\">\n\t\t\t\t\t<div class=\"e-con-inner\">\n\t\t<div class=\"elementor-element elementor-element-512aa74 e-con-full e-flex e-con e-child\" data-id=\"512aa74\" data-element_type=\"container\" data-settings=\"{&quot;jet_parallax_layout_list&quot;:[]}\">\n\t\t\t\t<div class=\"elementor-element elementor-element-32f3fd4 elementor-widget elementor-widget-heading\" data-id=\"32f3fd4\" data-element_type=\"widget\" data-widget_type=\"heading.default\">\n\t\t\t\t<div class=\"elementor-widget-container\">\n\t\t\t\t\t<h1 class=\"elementor-heading-title elementor-size-default\">Proyectos Singulares<\/h1>\t\t\t\t<\/div>\n\t\t\t\t<\/div>\n\t\t\t\t<div class=\"elementor-element elementor-element-7391c22 elementor-widget elementor-widget-heading\" data-id=\"7391c22\" data-element_type=\"widget\" data-widget_type=\"heading.default\">\n\t\t\t\t<div class=\"elementor-widget-container\">\n\t\t\t\t\t<h1 class=\"elementor-heading-title elementor-size-default\">Deporte<\/h1>\t\t\t\t<\/div>\n\t\t\t\t<\/div>\n\t\t\t\t<div class=\"elementor-element elementor-element-799192e elementor-widget elementor-widget-text-editor\" data-id=\"799192e\" data-element_type=\"widget\" data-widget_type=\"text-editor.default\">\n\t\t\t\t<div class=\"elementor-widget-container\">\n\t\t\t\t\t\t\t\t\t<p>En la Fundaci\u00f3n Ilersis promovemos el bienestar de las personas del Centro Ocupacional ofreci\u00e9ndoles actividades teniendo en cuenta sus necesidades y deseos. Estas actividades no s\u00f3lo fomentan la salud f\u00edsica, sino que tambi\u00e9n tienen un impacto positivo en el desarrollo emocional y social de cada participante.   <\/p>\t\t\t\t\t\t\t\t<\/div>\n\t\t\t\t<\/div>\n\t\t\t\t<div class=\"elementor-element elementor-element-7c1719b elementor-widget-divider--view-line elementor-widget elementor-widget-divider\" data-id=\"7c1719b\" data-element_type=\"widget\" data-widget_type=\"divider.default\">\n\t\t\t\t<div class=\"elementor-widget-container\">\n\t\t\t\t\t\t\t<div class=\"elementor-divider\">\n\t\t\t<span class=\"elementor-divider-separator\">\n\t\t\t\t\t\t<\/span>\n\t\t<\/div>\n\t\t\t\t\t\t<\/div>\n\t\t\t\t<\/div>\n\t\t\t\t<\/div>\n\t\t<div class=\"elementor-element elementor-element-75ce0fb e-con-full e-flex e-con e-child\" data-id=\"75ce0fb\" data-element_type=\"container\" data-settings=\"{&quot;jet_parallax_layout_list&quot;:[]}\">\n\t\t\t\t<div class=\"elementor-element elementor-element-1cf6262 elementor-widget elementor-widget-image\" data-id=\"1cf6262\" data-element_type=\"widget\" data-widget_type=\"image.default\">\n\t\t\t\t<div class=\"elementor-widget-container\">\n\t\t\t\t\t\t\t\t\t\t\t\t\t\t\t<img fetchpriority=\"high\" decoding=\"async\" width=\"300\" height=\"283\" src=\"https:\/\/ilersis.org\/wp-content\/uploads\/2024\/12\/elementos-02-02-17-22-03-07-46.svg\" class=\"attachment-medium size-medium wp-image-16509\" alt=\"\" \/>\t\t\t\t\t\t\t\t\t\t\t\t\t\t\t<\/div>\n\t\t\t\t<\/div>\n\t\t\t\t<\/div>\n\t\t\t\t\t<\/div>\n\t\t\t\t<\/div>\n\t\t<div class=\"elementor-element elementor-element-5cc3dbb e-flex e-con-boxed e-con e-parent\" data-id=\"5cc3dbb\" data-element_type=\"container\" data-settings=\"{&quot;background_background&quot;:&quot;classic&quot;,&quot;jet_parallax_layout_list&quot;:[]}\">\n\t\t\t\t\t<div class=\"e-con-inner\">\n\t\t<div class=\"elementor-element elementor-element-41fcb12 e-con-full e-flex e-con e-child\" data-id=\"41fcb12\" data-element_type=\"container\" data-settings=\"{&quot;jet_parallax_layout_list&quot;:[]}\">\n\t\t\t\t<div class=\"elementor-element elementor-element-bd5a856 elementor-icon-list--layout-inline elementor-list-item-link-full_width elementor-widget elementor-widget-icon-list\" data-id=\"bd5a856\" data-element_type=\"widget\" data-widget_type=\"icon-list.default\">\n\t\t\t\t<div class=\"elementor-widget-container\">\n\t\t\t\t\t\t\t<ul class=\"elementor-icon-list-items elementor-inline-items\">\n\t\t\t\t\t\t\t<li class=\"elementor-icon-list-item elementor-inline-item\">\n\t\t\t\t\t\t\t\t\t\t\t<span class=\"elementor-icon-list-icon\">\n\t\t\t\t\t\t\t<svg aria-hidden=\"true\" class=\"e-font-icon-svg e-fas-arrow-circle-right\" viewBox=\"0 0 512 512\" xmlns=\"http:\/\/www.w3.org\/2000\/svg\"><path d=\"M256 8c137 0 248 111 248 248S393 504 256 504 8 393 8 256 119 8 256 8zm-28.9 143.6l75.5 72.4H120c-13.3 0-24 10.7-24 24v16c0 13.3 10.7 24 24 24h182.6l-75.5 72.4c-9.7 9.3-9.9 24.8-.4 34.3l11 10.9c9.4 9.4 24.6 9.4 33.9 0L404.3 273c9.4-9.4 9.4-24.6 0-33.9L271.6 106.3c-9.4-9.4-24.6-9.4-33.9 0l-11 10.9c-9.5 9.6-9.3 25.1.4 34.4z\"><\/path><\/svg>\t\t\t\t\t\t<\/span>\n\t\t\t\t\t\t\t\t\t\t<span class=\"elementor-icon-list-text\">Movimientos y Latidos  <\/span>\n\t\t\t\t\t\t\t\t\t<\/li>\n\t\t\t\t\t\t<\/ul>\n\t\t\t\t\t\t<\/div>\n\t\t\t\t<\/div>\n\t\t\t\t<div class=\"elementor-element elementor-element-ec65aec elementor-widget elementor-widget-text-editor\" data-id=\"ec65aec\" data-element_type=\"widget\" data-widget_type=\"text-editor.default\">\n\t\t\t\t<div class=\"elementor-widget-container\">\n\t\t\t\t\t\t\t\t\t<p>El proyecto con mayor impacto es Moviments i Batecs, que incluye una amplia variedad de actividades deportivas como la nataci\u00f3n, las terapias asistidas con animales (caballos y perros), el baloncesto, el f\u00fatbol y el spinning, entre otros. Cada actividad est\u00e1 dise\u00f1ada para estimular las capacidades f\u00edsicas y emocionales de los participantes ofreciendo una experiencia integral de crecimiento personal.   <\/p>\t\t\t\t\t\t\t\t<\/div>\n\t\t\t\t<\/div>\n\t\t\t\t<div class=\"elementor-element elementor-element-71b5c40 elementor-skin-carousel elementor-pagination-type-bullets elementor-pagination-position-outside elementor-widget elementor-widget-media-carousel\" data-id=\"71b5c40\" data-element_type=\"widget\" data-settings=\"{&quot;slides_per_view&quot;:&quot;3&quot;,&quot;slides_to_scroll&quot;:&quot;1&quot;,&quot;space_between&quot;:{&quot;unit&quot;:&quot;px&quot;,&quot;size&quot;:31,&quot;sizes&quot;:[]},&quot;slides_per_view_tablet&quot;:&quot;2&quot;,&quot;slides_per_view_mobile&quot;:&quot;1&quot;,&quot;skin&quot;:&quot;carousel&quot;,&quot;effect&quot;:&quot;slide&quot;,&quot;pagination&quot;:&quot;bullets&quot;,&quot;speed&quot;:500,&quot;autoplay&quot;:&quot;yes&quot;,&quot;autoplay_speed&quot;:5000,&quot;loop&quot;:&quot;yes&quot;,&quot;pause_on_interaction&quot;:&quot;yes&quot;,&quot;space_between_tablet&quot;:{&quot;unit&quot;:&quot;px&quot;,&quot;size&quot;:10,&quot;sizes&quot;:[]},&quot;space_between_mobile&quot;:{&quot;unit&quot;:&quot;px&quot;,&quot;size&quot;:10,&quot;sizes&quot;:[]}}\" data-widget_type=\"media-carousel.default\">\n\t\t\t\t<div class=\"elementor-widget-container\">\n\t\t\t\t\t\t\t\t\t<div class=\"elementor-swiper\">\n\t\t\t\t\t<div class=\"elementor-main-swiper swiper\" role=\"region\" aria-roledescription=\"carousel\" aria-label=\"Slides\">\n\t\t\t\t<div class=\"swiper-wrapper\">\n\t\t\t\t\t\t\t\t\t\t\t<div class=\"swiper-slide\" role=\"group\" aria-roledescription=\"slide\">\n\t\t\t\t\t\t\t\t\t<div class=\"elementor-carousel-image\" role=\"img\" aria-label=\"Salut_Sortida amb animals Ilersis (2)\" style=\"background-image: url(&#039;https:\/\/ilersis.org\/wp-content\/uploads\/2024\/11\/Salut_Sortida-amb-animals-Ilersis-2-768x576.jpeg&#039;)\">\n\n\t\t\t\n\t\t\t\t\t<\/div>\n\t\t\t\t\t\t\t\t<\/div>\n\t\t\t\t\t\t\t\t\t\t\t<div class=\"swiper-slide\" role=\"group\" aria-roledescription=\"slide\">\n\t\t\t\t\t\t\t\t\t<div class=\"elementor-carousel-image\" role=\"img\" aria-label=\"05b04c7525c607e23d47246bfe84f3ce\" style=\"background-image: url(&#039;https:\/\/ilersis.org\/wp-content\/uploads\/2024\/11\/05b04c7525c607e23d47246bfe84f3ce-768x768.jpg&#039;)\">\n\n\t\t\t\n\t\t\t\t\t<\/div>\n\t\t\t\t\t\t\t\t<\/div>\n\t\t\t\t\t\t\t\t\t\t\t<div class=\"swiper-slide\" role=\"group\" aria-roledescription=\"slide\">\n\t\t\t\t\t\t\t\t\t<div class=\"elementor-carousel-image\" role=\"img\" aria-label=\"Salut_NATACIO\" style=\"background-image: url(&#039;https:\/\/ilersis.org\/wp-content\/uploads\/2024\/11\/Salut_NATACIO.jpg&#039;)\">\n\n\t\t\t\n\t\t\t\t\t<\/div>\n\t\t\t\t\t\t\t\t<\/div>\n\t\t\t\t\t\t\t\t\t\t\t<div class=\"swiper-slide\" role=\"group\" aria-roledescription=\"slide\">\n\t\t\t\t\t\t\t\t\t<div class=\"elementor-carousel-image\" role=\"img\" aria-label=\"Salut_Sortida amb animals Ilersis (3)\" style=\"background-image: url(&#039;https:\/\/ilersis.org\/wp-content\/uploads\/2024\/11\/Salut_Sortida-amb-animals-Ilersis-3-e1734771474160-768x768.jpeg&#039;)\">\n\n\t\t\t\n\t\t\t\t\t<\/div>\n\t\t\t\t\t\t\t\t<\/div>\n\t\t\t\t\t\t\t\t\t\t\t<div class=\"swiper-slide\" role=\"group\" aria-roledescription=\"slide\">\n\t\t\t\t\t\t\t\t\t<div class=\"elementor-carousel-image\" role=\"img\" aria-label=\"Salut_NATACIO 2\" style=\"background-image: url(&#039;https:\/\/ilersis.org\/wp-content\/uploads\/2024\/11\/Salut_NATACIO-2.jpg&#039;)\">\n\n\t\t\t\n\t\t\t\t\t<\/div>\n\t\t\t\t\t\t\t\t<\/div>\n\t\t\t\t\t\t\t\t\t<\/div>\n\t\t\t\t\t\t\t\t\t\t\t\t\t\t\t\t\t\t\t\t<div class=\"swiper-pagination\"><\/div>\n\t\t\t\t\t\t\t\t\t\t\t\t<\/div>\n\t\t\t\t<\/div>\n\t\t\t\t\t\t\t\t<\/div>\n\t\t\t\t<\/div>\n\t\t\t\t<\/div>\n\t\t\t\t\t<\/div>\n\t\t\t\t<\/div>\n\t\t<div class=\"elementor-element elementor-element-77cbf95 e-flex e-con-boxed e-con e-parent\" data-id=\"77cbf95\" data-element_type=\"container\" data-settings=\"{&quot;jet_parallax_layout_list&quot;:[]}\">\n\t\t\t\t\t<div class=\"e-con-inner\">\n\t\t<div class=\"elementor-element elementor-element-9c4fd53 e-con-full e-flex e-con e-child\" data-id=\"9c4fd53\" data-element_type=\"container\" data-settings=\"{&quot;jet_parallax_layout_list&quot;:[]}\">\n\t\t\t\t<div class=\"elementor-element elementor-element-a20931e elementor-widget elementor-widget-text-editor\" data-id=\"a20931e\" data-element_type=\"widget\" data-widget_type=\"text-editor.default\">\n\t\t\t\t<div class=\"elementor-widget-container\">\n\t\t\t\t\t\t\t\t\t<p class=\"cgHgbA WvQL9w Xp24Nw PanoWQ\"><span class=\"OYPEnA\">Un aspecto que caracteriza a las actividades deportivas de Ilersis es su enfoque comunitario:<\/span> <strong><span class=\"OYPEnA\">las actividades se realizan en entornos inclusivos y abiertos<\/span><\/strong><span class=\"OYPEnA\">, utilizando los recursos disponibles en la comunidad. Actualmente, colaboramos con cuatro gimnasios de Lleida para facilitar el acceso a instalaciones adecuadas, trabajamos con dos proveedores locales para las terapias con animales, aprovechando los espacios de los centros c\u00edvicos para llevar a cabo las actividades deportivas. <\/span><\/p><p class=\"cgHgbA WvQL9w Xp24Nw PanoWQ\"><span class=\"OYPEnA\">De esta forma, la mayor\u00eda de las actividades de Ilersis se realizan en entornos inclusivos y se enfocan en la apertura a la comunidad.<\/span><\/p>\t\t\t\t\t\t\t\t<\/div>\n\t\t\t\t<\/div>\n\t\t\t\t<\/div>\n\t\t<div class=\"elementor-element elementor-element-26ccb49 e-con-full e-flex e-con e-child\" data-id=\"26ccb49\" data-element_type=\"container\" data-settings=\"{&quot;jet_parallax_layout_list&quot;:[]}\">\n\t\t<div class=\"elementor-element elementor-element-c2eee88 e-con-full e-flex e-con e-child\" data-id=\"c2eee88\" data-element_type=\"container\" data-settings=\"{&quot;jet_parallax_layout_list&quot;:[]}\">\n\t\t\t\t<div class=\"elementor-element elementor-element-d6c0ca6 elementor-widget-tablet__width-initial elementor-widget elementor-widget-text-editor\" data-id=\"d6c0ca6\" data-element_type=\"widget\" data-widget_type=\"text-editor.default\">\n\t\t\t\t<div class=\"elementor-widget-container\">\n\t\t\t\t\t\t\t\t\t<p><span class=\"OYPEnA\">Esta conexi\u00f3n con la comunidad no s\u00f3lo favorece la inclusi\u00f3n social, sino que tambi\u00e9n refuerza la independencia y participaci\u00f3n activa de los usuarios de Ilersis en la vida diaria de su entorno.  <\/span><\/p>\t\t\t\t\t\t\t\t<\/div>\n\t\t\t\t<\/div>\n\t\t\t\t<\/div>\n\t\t\t\t<\/div>\n\t\t\t\t\t<\/div>\n\t\t\t\t<\/div>\n\t\t\t\t<\/div>\n\t\t","protected":false},"excerpt":{"rendered":"<p>Proyectos Singulares Deporte En la Fundaci\u00f3n Ilersis promovemos el bienestar de las personas del Centro Ocupacional ofreci\u00e9ndoles actividades teniendo en cuenta sus necesidades y deseos. Estas actividades no s\u00f3lo fomentan la salud f\u00edsica, sino que tambi\u00e9n tienen un impacto positivo en el desarrollo emocional y social de cada participante. Movimientos y Latidos El proyecto con [&hellip;]<\/p>\n","protected":false},"author":1,"featured_media":0,"parent":0,"menu_order":0,"comment_status":"closed","ping_status":"closed","template":"elementor_header_footer","meta":{"footnotes":""},"class_list":["post-19639","page","type-page","status-publish","hentry"],"yoast_head":"<!-- This site is optimized with the Yoast SEO plugin v27.0 - https:\/\/yoast.com\/product\/yoast-seo-wordpress\/ -->\n<title>Deporte - Ilersis<\/title>\n<meta name=\"robots\" content=\"index, follow, max-snippet:-1, max-image-preview:large, max-video-preview:-1\" \/>\n<link rel=\"canonical\" href=\"https:\/\/ilersis.org\/es\/deporte\/\" \/>\n<meta property=\"og:locale\" content=\"es_ES\" \/>\n<meta property=\"og:type\" content=\"article\" \/>\n<meta property=\"og:title\" content=\"Deporte - Ilersis\" \/>\n<meta property=\"og:description\" content=\"Proyectos Singulares Deporte En la Fundaci\u00f3n Ilersis promovemos el bienestar de las personas del Centro Ocupacional ofreci\u00e9ndoles actividades teniendo en cuenta sus necesidades y deseos. Estas actividades no s\u00f3lo fomentan la salud f\u00edsica, sino que tambi\u00e9n tienen un impacto positivo en el desarrollo emocional y social de cada participante. Movimientos y Latidos El proyecto con [&hellip;]\" \/>\n<meta property=\"og:url\" content=\"https:\/\/ilersis.org\/es\/deporte\/\" \/>\n<meta property=\"og:site_name\" content=\"Ilersis\" \/>\n<meta property=\"article:publisher\" content=\"https:\/\/www.facebook.com\/fundacioIlersis\" \/>\n<meta property=\"article:modified_time\" content=\"2025-02-15T07:06:06+00:00\" \/>\n<meta property=\"og:image\" content=\"https:\/\/ilersis.org\/wp-content\/uploads\/2024\/12\/elementos-02-02-17-22-03-07-46.svg\" \/>\n<meta name=\"twitter:card\" content=\"summary_large_image\" \/>\n<meta name=\"twitter:site\" content=\"@ILERSISfundacio\" \/>\n<meta name=\"twitter:label1\" content=\"Tiempo de lectura\" \/>\n\t<meta name=\"twitter:data1\" content=\"1 minuto\" \/>\n<script type=\"application\/ld+json\" class=\"yoast-schema-graph\">{\"@context\":\"https:\/\/schema.org\",\"@graph\":[{\"@type\":\"WebPage\",\"@id\":\"https:\/\/ilersis.org\/es\/deporte\/\",\"url\":\"https:\/\/ilersis.org\/es\/deporte\/\",\"name\":\"Deporte - Ilersis\",\"isPartOf\":{\"@id\":\"https:\/\/ilersis.org\/es\/#website\"},\"primaryImageOfPage\":{\"@id\":\"https:\/\/ilersis.org\/es\/deporte\/#primaryimage\"},\"image\":{\"@id\":\"https:\/\/ilersis.org\/es\/deporte\/#primaryimage\"},\"thumbnailUrl\":\"https:\/\/ilersis.org\/wp-content\/uploads\/2024\/12\/elementos-02-02-17-22-03-07-46.svg\",\"datePublished\":\"2024-11-01T15:02:03+00:00\",\"dateModified\":\"2025-02-15T07:06:06+00:00\",\"breadcrumb\":{\"@id\":\"https:\/\/ilersis.org\/es\/deporte\/#breadcrumb\"},\"inLanguage\":\"es\",\"potentialAction\":[{\"@type\":\"ReadAction\",\"target\":[\"https:\/\/ilersis.org\/es\/deporte\/\"]}]},{\"@type\":\"ImageObject\",\"inLanguage\":\"es\",\"@id\":\"https:\/\/ilersis.org\/es\/deporte\/#primaryimage\",\"url\":\"https:\/\/ilersis.org\/wp-content\/uploads\/2024\/12\/elementos-02-02-17-22-03-07-46.svg\",\"contentUrl\":\"https:\/\/ilersis.org\/wp-content\/uploads\/2024\/12\/elementos-02-02-17-22-03-07-46.svg\"},{\"@type\":\"BreadcrumbList\",\"@id\":\"https:\/\/ilersis.org\/es\/deporte\/#breadcrumb\",\"itemListElement\":[{\"@type\":\"ListItem\",\"position\":1,\"name\":\"Hogar\",\"item\":\"https:\/\/ilersis.org\/es\/\"},{\"@type\":\"ListItem\",\"position\":2,\"name\":\"Deporte\"}]},{\"@type\":\"WebSite\",\"@id\":\"https:\/\/ilersis.org\/es\/#website\",\"url\":\"https:\/\/ilersis.org\/es\/\",\"name\":\"Ilersis\",\"description\":\"Fundaci\u00f3n Ilersis\",\"publisher\":{\"@id\":\"https:\/\/ilersis.org\/es\/#organization\"},\"potentialAction\":[{\"@type\":\"SearchAction\",\"target\":{\"@type\":\"EntryPoint\",\"urlTemplate\":\"https:\/\/ilersis.org\/es\/?s={search_term_string}\"},\"query-input\":{\"@type\":\"PropertyValueSpecification\",\"valueRequired\":true,\"valueName\":\"search_term_string\"}}],\"inLanguage\":\"es\"},{\"@type\":\"Organization\",\"@id\":\"https:\/\/ilersis.org\/es\/#organization\",\"name\":\"Ilersis Fundaci\u00f3 Privada\",\"url\":\"https:\/\/ilersis.org\/es\/\",\"logo\":{\"@type\":\"ImageObject\",\"inLanguage\":\"es\",\"@id\":\"https:\/\/ilersis.org\/es\/#\/schema\/logo\/image\/\",\"url\":\"https:\/\/ilersis.org\/wp-content\/uploads\/2024\/10\/logo-ilersis-sin-fondo.png\",\"contentUrl\":\"https:\/\/ilersis.org\/wp-content\/uploads\/2024\/10\/logo-ilersis-sin-fondo.png\",\"width\":595,\"height\":197,\"caption\":\"Ilersis Fundaci\u00f3 Privada\"},\"image\":{\"@id\":\"https:\/\/ilersis.org\/es\/#\/schema\/logo\/image\/\"},\"sameAs\":[\"https:\/\/www.facebook.com\/fundacioIlersis\",\"https:\/\/x.com\/ILERSISfundacio\",\"https:\/\/www.linkedin.com\/company\/fundacioilersis\/\"]}]}<\/script>\n<!-- \/ Yoast SEO plugin. -->","yoast_head_json":{"title":"Deporte - Ilersis","robots":{"index":"index","follow":"follow","max-snippet":"max-snippet:-1","max-image-preview":"max-image-preview:large","max-video-preview":"max-video-preview:-1"},"canonical":"https:\/\/ilersis.org\/es\/deporte\/","og_locale":"es_ES","og_type":"article","og_title":"Deporte - Ilersis","og_description":"Proyectos Singulares Deporte En la Fundaci\u00f3n Ilersis promovemos el bienestar de las personas del Centro Ocupacional ofreci\u00e9ndoles actividades teniendo en cuenta sus necesidades y deseos. Estas actividades no s\u00f3lo fomentan la salud f\u00edsica, sino que tambi\u00e9n tienen un impacto positivo en el desarrollo emocional y social de cada participante. Movimientos y Latidos El proyecto con [&hellip;]","og_url":"https:\/\/ilersis.org\/es\/deporte\/","og_site_name":"Ilersis","article_publisher":"https:\/\/www.facebook.com\/fundacioIlersis","article_modified_time":"2025-02-15T07:06:06+00:00","og_image":[{"url":"https:\/\/ilersis.org\/wp-content\/uploads\/2024\/12\/elementos-02-02-17-22-03-07-46.svg","type":"","width":"","height":""}],"twitter_card":"summary_large_image","twitter_site":"@ILERSISfundacio","twitter_misc":{"Tiempo de lectura":"1 minuto"},"schema":{"@context":"https:\/\/schema.org","@graph":[{"@type":"WebPage","@id":"https:\/\/ilersis.org\/es\/deporte\/","url":"https:\/\/ilersis.org\/es\/deporte\/","name":"Deporte - Ilersis","isPartOf":{"@id":"https:\/\/ilersis.org\/es\/#website"},"primaryImageOfPage":{"@id":"https:\/\/ilersis.org\/es\/deporte\/#primaryimage"},"image":{"@id":"https:\/\/ilersis.org\/es\/deporte\/#primaryimage"},"thumbnailUrl":"https:\/\/ilersis.org\/wp-content\/uploads\/2024\/12\/elementos-02-02-17-22-03-07-46.svg","datePublished":"2024-11-01T15:02:03+00:00","dateModified":"2025-02-15T07:06:06+00:00","breadcrumb":{"@id":"https:\/\/ilersis.org\/es\/deporte\/#breadcrumb"},"inLanguage":"es","potentialAction":[{"@type":"ReadAction","target":["https:\/\/ilersis.org\/es\/deporte\/"]}]},{"@type":"ImageObject","inLanguage":"es","@id":"https:\/\/ilersis.org\/es\/deporte\/#primaryimage","url":"https:\/\/ilersis.org\/wp-content\/uploads\/2024\/12\/elementos-02-02-17-22-03-07-46.svg","contentUrl":"https:\/\/ilersis.org\/wp-content\/uploads\/2024\/12\/elementos-02-02-17-22-03-07-46.svg"},{"@type":"BreadcrumbList","@id":"https:\/\/ilersis.org\/es\/deporte\/#breadcrumb","itemListElement":[{"@type":"ListItem","position":1,"name":"Hogar","item":"https:\/\/ilersis.org\/es\/"},{"@type":"ListItem","position":2,"name":"Deporte"}]},{"@type":"WebSite","@id":"https:\/\/ilersis.org\/es\/#website","url":"https:\/\/ilersis.org\/es\/","name":"Ilersis","description":"Fundaci\u00f3n Ilersis","publisher":{"@id":"https:\/\/ilersis.org\/es\/#organization"},"potentialAction":[{"@type":"SearchAction","target":{"@type":"EntryPoint","urlTemplate":"https:\/\/ilersis.org\/es\/?s={search_term_string}"},"query-input":{"@type":"PropertyValueSpecification","valueRequired":true,"valueName":"search_term_string"}}],"inLanguage":"es"},{"@type":"Organization","@id":"https:\/\/ilersis.org\/es\/#organization","name":"Ilersis Fundaci\u00f3 Privada","url":"https:\/\/ilersis.org\/es\/","logo":{"@type":"ImageObject","inLanguage":"es","@id":"https:\/\/ilersis.org\/es\/#\/schema\/logo\/image\/","url":"https:\/\/ilersis.org\/wp-content\/uploads\/2024\/10\/logo-ilersis-sin-fondo.png","contentUrl":"https:\/\/ilersis.org\/wp-content\/uploads\/2024\/10\/logo-ilersis-sin-fondo.png","width":595,"height":197,"caption":"Ilersis Fundaci\u00f3 Privada"},"image":{"@id":"https:\/\/ilersis.org\/es\/#\/schema\/logo\/image\/"},"sameAs":["https:\/\/www.facebook.com\/fundacioIlersis","https:\/\/x.com\/ILERSISfundacio","https:\/\/www.linkedin.com\/company\/fundacioilersis\/"]}]}},"_links":{"self":[{"href":"https:\/\/ilersis.org\/es\/wp-json\/wp\/v2\/pages\/19639","targetHints":{"allow":["GET"]}}],"collection":[{"href":"https:\/\/ilersis.org\/es\/wp-json\/wp\/v2\/pages"}],"about":[{"href":"https:\/\/ilersis.org\/es\/wp-json\/wp\/v2\/types\/page"}],"author":[{"embeddable":true,"href":"https:\/\/ilersis.org\/es\/wp-json\/wp\/v2\/users\/1"}],"replies":[{"embeddable":true,"href":"https:\/\/ilersis.org\/es\/wp-json\/wp\/v2\/comments?post=19639"}],"version-history":[{"count":2,"href":"https:\/\/ilersis.org\/es\/wp-json\/wp\/v2\/pages\/19639\/revisions"}],"predecessor-version":[{"id":19643,"href":"https:\/\/ilersis.org\/es\/wp-json\/wp\/v2\/pages\/19639\/revisions\/19643"}],"wp:attachment":[{"href":"https:\/\/ilersis.org\/es\/wp-json\/wp\/v2\/media?parent=19639"}],"curies":[{"name":"wp","href":"https:\/\/api.w.org\/{rel}","templated":true}]}}