{"id":19635,"date":"2024-11-01T13:35:35","date_gmt":"2024-11-01T11:35:35","guid":{"rendered":"https:\/\/ilersis.org\/proyectos-singulares\/"},"modified":"2025-02-15T09:06:00","modified_gmt":"2025-02-15T07:06:00","slug":"proyectos-singulares","status":"publish","type":"page","link":"https:\/\/ilersis.org\/es\/proyectos-singulares\/","title":{"rendered":"Proyectos singulares"},"content":{"rendered":"\t\t<div data-elementor-type=\"wp-page\" data-elementor-id=\"19635\" class=\"elementor elementor-19635 elementor-389\" data-elementor-post-type=\"page\">\n\t\t\t\t<div class=\"elementor-element elementor-element-d5554e9 e-flex e-con-boxed e-con e-parent\" data-id=\"d5554e9\" data-element_type=\"container\" data-settings=\"{&quot;background_background&quot;:&quot;classic&quot;,&quot;jet_parallax_layout_list&quot;:[]}\">\n\t\t\t\t\t<div class=\"e-con-inner\">\n\t\t<div class=\"elementor-element elementor-element-a3b733f e-con-full e-flex e-con e-child\" data-id=\"a3b733f\" data-element_type=\"container\" data-settings=\"{&quot;jet_parallax_layout_list&quot;:[]}\">\n\t\t\t\t<div class=\"elementor-element elementor-element-2677b78 elementor-widget elementor-widget-heading\" data-id=\"2677b78\" data-element_type=\"widget\" data-widget_type=\"heading.default\">\n\t\t\t\t<div class=\"elementor-widget-container\">\n\t\t\t\t\t<h1 class=\"elementor-heading-title elementor-size-default\">Proyectos singulares<\/h1>\t\t\t\t<\/div>\n\t\t\t\t<\/div>\n\t\t\t\t<div class=\"elementor-element elementor-element-41c658e elementor-widget elementor-widget-text-editor\" data-id=\"41c658e\" data-element_type=\"widget\" data-widget_type=\"text-editor.default\">\n\t\t\t\t<div class=\"elementor-widget-container\">\n\t\t\t\t\t\t\t\t\t<p>Entre todas las actividades y servicios de la Fundaci\u00f3, destacan varios proyectos singulares en el campo del teatro inclusivo, la expresi\u00f3n art\u00edstica y el deporte.  <\/p>\t\t\t\t\t\t\t\t<\/div>\n\t\t\t\t<\/div>\n\t\t\t\t<div class=\"elementor-element elementor-element-a400023 elementor-widget-divider--view-line elementor-widget elementor-widget-divider\" data-id=\"a400023\" data-element_type=\"widget\" data-widget_type=\"divider.default\">\n\t\t\t\t<div class=\"elementor-widget-container\">\n\t\t\t\t\t\t\t<div class=\"elementor-divider\">\n\t\t\t<span class=\"elementor-divider-separator\">\n\t\t\t\t\t\t<\/span>\n\t\t<\/div>\n\t\t\t\t\t\t<\/div>\n\t\t\t\t<\/div>\n\t\t\t\t<\/div>\n\t\t<div class=\"elementor-element elementor-element-95fa258 e-con-full e-flex e-con e-child\" data-id=\"95fa258\" data-element_type=\"container\" data-settings=\"{&quot;jet_parallax_layout_list&quot;:[]}\">\n\t\t\t\t<div class=\"elementor-element elementor-element-32cc4c0 elementor-widget elementor-widget-image-carousel\" data-id=\"32cc4c0\" data-element_type=\"widget\" data-settings=\"{&quot;slides_to_show&quot;:&quot;1&quot;,&quot;navigation&quot;:&quot;none&quot;,&quot;autoplay&quot;:&quot;yes&quot;,&quot;pause_on_hover&quot;:&quot;yes&quot;,&quot;pause_on_interaction&quot;:&quot;yes&quot;,&quot;autoplay_speed&quot;:5000,&quot;infinite&quot;:&quot;yes&quot;,&quot;effect&quot;:&quot;slide&quot;,&quot;speed&quot;:500}\" data-widget_type=\"image-carousel.default\">\n\t\t\t\t<div class=\"elementor-widget-container\">\n\t\t\t\t\t\t\t<div class=\"elementor-image-carousel-wrapper swiper\" role=\"region\" aria-roledescription=\"carousel\" aria-label=\"Carrusel d&#039;imatges\" dir=\"ltr\">\n\t\t\t<div class=\"elementor-image-carousel swiper-wrapper\" aria-live=\"off\">\n\t\t\t\t\t\t\t\t<div class=\"swiper-slide\" role=\"group\" aria-roledescription=\"slide\" aria-label=\"1 de 5\"><figure class=\"swiper-slide-inner\"><img decoding=\"async\" class=\"swiper-slide-image\" src=\"https:\/\/ilersis.org\/wp-content\/uploads\/2024\/11\/5e3bbd41ec21a34f2a040af7d2591d09.jpg\" alt=\"5e3bbd41ec21a34f2a040af7d2591d09\" \/><\/figure><\/div><div class=\"swiper-slide\" role=\"group\" aria-roledescription=\"slide\" aria-label=\"2 de 5\"><figure class=\"swiper-slide-inner\"><img decoding=\"async\" class=\"swiper-slide-image\" src=\"https:\/\/ilersis.org\/wp-content\/uploads\/2024\/11\/ILersis-@DaviddelVal-350-Alta-1-scaled.jpg\" alt=\"ILersis-@DaviddelVal-350-Alta (1)\" \/><\/figure><\/div><div class=\"swiper-slide\" role=\"group\" aria-roledescription=\"slide\" aria-label=\"3 de 5\"><figure class=\"swiper-slide-inner\"><img decoding=\"async\" class=\"swiper-slide-image\" src=\"https:\/\/ilersis.org\/wp-content\/uploads\/2024\/11\/Suport-atencio-diurna-1-scaled.jpg\" alt=\"Suport - atencio diurna (1)\" \/><\/figure><\/div><div class=\"swiper-slide\" role=\"group\" aria-roledescription=\"slide\" aria-label=\"4 de 5\"><figure class=\"swiper-slide-inner\"><img decoding=\"async\" class=\"swiper-slide-image\" src=\"https:\/\/ilersis.org\/wp-content\/uploads\/2024\/11\/ILersis-@DaviddelVal-346-Alta-1-scaled.jpg\" alt=\"ILersis-@DaviddelVal-346-Alta (1)\" \/><\/figure><\/div><div class=\"swiper-slide\" role=\"group\" aria-roledescription=\"slide\" aria-label=\"5 de 5\"><figure class=\"swiper-slide-inner\"><img decoding=\"async\" class=\"swiper-slide-image\" src=\"https:\/\/ilersis.org\/wp-content\/uploads\/2024\/11\/PAPIRO-4-1.jpeg\" alt=\"PAPIRO 4 (1)\" \/><\/figure><\/div>\t\t\t<\/div>\n\t\t\t\t\t\t\t\n\t\t\t\t\t\t\t\t\t<\/div>\n\t\t\t\t\t\t<\/div>\n\t\t\t\t<\/div>\n\t\t\t\t<\/div>\n\t\t\t\t\t<\/div>\n\t\t\t\t<\/div>\n\t\t<div class=\"elementor-element elementor-element-65998a1 e-flex e-con-boxed e-con e-parent\" data-id=\"65998a1\" data-element_type=\"container\" data-settings=\"{&quot;jet_parallax_layout_list&quot;:[]}\">\n\t\t\t\t\t<div class=\"e-con-inner\">\n\t\t<div class=\"elementor-element elementor-element-871f2b4 e-con-full e-flex e-con e-child\" data-id=\"871f2b4\" data-element_type=\"container\" data-settings=\"{&quot;background_background&quot;:&quot;classic&quot;,&quot;jet_parallax_layout_list&quot;:[]}\">\n\t\t\t\t<div class=\"elementor-element elementor-element-6eeddf1 elementor-widget elementor-widget-spacer\" data-id=\"6eeddf1\" data-element_type=\"widget\" data-widget_type=\"spacer.default\">\n\t\t\t\t<div class=\"elementor-widget-container\">\n\t\t\t\t\t\t\t<div class=\"elementor-spacer\">\n\t\t\t<div class=\"elementor-spacer-inner\"><\/div>\n\t\t<\/div>\n\t\t\t\t\t\t<\/div>\n\t\t\t\t<\/div>\n\t\t\t\t<\/div>\n\t\t<div class=\"elementor-element elementor-element-c3e02c5 e-con-full e-flex e-con e-child\" data-id=\"c3e02c5\" data-element_type=\"container\" data-settings=\"{&quot;jet_parallax_layout_list&quot;:[]}\">\n\t\t\t\t<div class=\"elementor-element elementor-element-2ef2fd0 elementor-widget elementor-widget-heading\" data-id=\"2ef2fd0\" data-element_type=\"widget\" data-widget_type=\"heading.default\">\n\t\t\t\t<div class=\"elementor-widget-container\">\n\t\t\t\t\t<h3 class=\"elementor-heading-title elementor-size-default\">Teatro | La M\u00e1xima<\/h3>\t\t\t\t<\/div>\n\t\t\t\t<\/div>\n\t\t\t\t<div class=\"elementor-element elementor-element-feaa382 elementor-widget elementor-widget-text-editor\" data-id=\"feaa382\" data-element_type=\"widget\" data-widget_type=\"text-editor.default\">\n\t\t\t\t<div class=\"elementor-widget-container\">\n\t\t\t\t\t\t\t\t\t<p>La Compa\u00f1\u00eda La M\u00e1xima es nuestro proyecto de artes esc\u00e9nicas que apuesta por la transformaci\u00f3n social a trav\u00e9s de la visibilizaci\u00f3n esc\u00e9nica de la diversidad.  <\/p>\t\t\t\t\t\t\t\t<\/div>\n\t\t\t\t<\/div>\n\t\t\t\t<div class=\"elementor-element elementor-element-205421e elementor-align-center elementor-widget__width-initial elementor-widget elementor-widget-button\" data-id=\"205421e\" data-element_type=\"widget\" data-widget_type=\"button.default\">\n\t\t\t\t<div class=\"elementor-widget-container\">\n\t\t\t\t\t\t\t\t\t<div class=\"elementor-button-wrapper\">\n\t\t\t\t\t<a class=\"elementor-button elementor-button-link elementor-size-sm\" href=\"https:\/\/ilersis.org\/la-maxima\/\">\n\t\t\t\t\t\t<span class=\"elementor-button-content-wrapper\">\n\t\t\t\t\t\t\t\t\t<span class=\"elementor-button-text\">M\u00e1s informaci\u00f3n<\/span>\n\t\t\t\t\t<\/span>\n\t\t\t\t\t<\/a>\n\t\t\t\t<\/div>\n\t\t\t\t\t\t\t\t<\/div>\n\t\t\t\t<\/div>\n\t\t\t\t<\/div>\n\t\t\t\t\t<\/div>\n\t\t\t\t<\/div>\n\t\t<div class=\"elementor-element elementor-element-87677be e-flex e-con-boxed e-con e-parent\" data-id=\"87677be\" data-element_type=\"container\" data-settings=\"{&quot;jet_parallax_layout_list&quot;:[]}\">\n\t\t\t\t\t<div class=\"e-con-inner\">\n\t\t<div class=\"elementor-element elementor-element-5cdacdf e-con-full e-flex e-con e-child\" data-id=\"5cdacdf\" data-element_type=\"container\" data-settings=\"{&quot;background_background&quot;:&quot;classic&quot;,&quot;jet_parallax_layout_list&quot;:[]}\">\n\t\t\t\t<div class=\"elementor-element elementor-element-a96494e elementor-widget elementor-widget-spacer\" data-id=\"a96494e\" data-element_type=\"widget\" data-widget_type=\"spacer.default\">\n\t\t\t\t<div class=\"elementor-widget-container\">\n\t\t\t\t\t\t\t<div class=\"elementor-spacer\">\n\t\t\t<div class=\"elementor-spacer-inner\"><\/div>\n\t\t<\/div>\n\t\t\t\t\t\t<\/div>\n\t\t\t\t<\/div>\n\t\t\t\t<\/div>\n\t\t<div class=\"elementor-element elementor-element-da77e45 e-con-full e-flex e-con e-child\" data-id=\"da77e45\" data-element_type=\"container\" data-settings=\"{&quot;jet_parallax_layout_list&quot;:[]}\">\n\t\t\t\t<div class=\"elementor-element elementor-element-56133c4 elementor-widget elementor-widget-heading\" data-id=\"56133c4\" data-element_type=\"widget\" data-widget_type=\"heading.default\">\n\t\t\t\t<div class=\"elementor-widget-container\">\n\t\t\t\t\t<h3 class=\"elementor-heading-title elementor-size-default\">Deporte | Movimientos y Latidos<\/h3>\t\t\t\t<\/div>\n\t\t\t\t<\/div>\n\t\t\t\t<div class=\"elementor-element elementor-element-62d2c7d elementor-widget elementor-widget-text-editor\" data-id=\"62d2c7d\" data-element_type=\"widget\" data-widget_type=\"text-editor.default\">\n\t\t\t\t<div class=\"elementor-widget-container\">\n\t\t\t\t\t\t\t\t\t<p><span class=\"OYPEnA\">El proyecto con mayor impacto es Moviments i Batecs, que incluye una amplia variedad de actividades deportivas como la nataci\u00f3n, las terapias asistidas con animales (caballos y perros), el baloncesto, el f\u00fatbol y el spinning, entre otros.  <\/span><\/p>\t\t\t\t\t\t\t\t<\/div>\n\t\t\t\t<\/div>\n\t\t\t\t<div class=\"elementor-element elementor-element-0b96ae7 elementor-align-center elementor-widget__width-initial elementor-widget elementor-widget-button\" data-id=\"0b96ae7\" data-element_type=\"widget\" data-widget_type=\"button.default\">\n\t\t\t\t<div class=\"elementor-widget-container\">\n\t\t\t\t\t\t\t\t\t<div class=\"elementor-button-wrapper\">\n\t\t\t\t\t<a class=\"elementor-button elementor-button-link elementor-size-sm\" href=\"https:\/\/ilersis.org\/esport\/\">\n\t\t\t\t\t\t<span class=\"elementor-button-content-wrapper\">\n\t\t\t\t\t\t\t\t\t<span class=\"elementor-button-text\">M\u00e1s informaci\u00f3n<\/span>\n\t\t\t\t\t<\/span>\n\t\t\t\t\t<\/a>\n\t\t\t\t<\/div>\n\t\t\t\t\t\t\t\t<\/div>\n\t\t\t\t<\/div>\n\t\t\t\t<\/div>\n\t\t\t\t\t<\/div>\n\t\t\t\t<\/div>\n\t\t<div class=\"elementor-element elementor-element-c65991e e-flex e-con-boxed e-con e-parent\" data-id=\"c65991e\" data-element_type=\"container\" data-settings=\"{&quot;jet_parallax_layout_list&quot;:[]}\">\n\t\t\t\t\t<div class=\"e-con-inner\">\n\t\t<div class=\"elementor-element elementor-element-dc03d5c e-con-full e-flex e-con e-child\" data-id=\"dc03d5c\" data-element_type=\"container\" data-settings=\"{&quot;background_background&quot;:&quot;classic&quot;,&quot;jet_parallax_layout_list&quot;:[]}\">\n\t\t\t\t<div class=\"elementor-element elementor-element-fb8b2dc elementor-widget elementor-widget-spacer\" data-id=\"fb8b2dc\" data-element_type=\"widget\" data-widget_type=\"spacer.default\">\n\t\t\t\t<div class=\"elementor-widget-container\">\n\t\t\t\t\t\t\t<div class=\"elementor-spacer\">\n\t\t\t<div class=\"elementor-spacer-inner\"><\/div>\n\t\t<\/div>\n\t\t\t\t\t\t<\/div>\n\t\t\t\t<\/div>\n\t\t\t\t<\/div>\n\t\t<div class=\"elementor-element elementor-element-7a03d2b e-con-full e-flex e-con e-child\" data-id=\"7a03d2b\" data-element_type=\"container\" data-settings=\"{&quot;jet_parallax_layout_list&quot;:[]}\">\n\t\t\t\t<div class=\"elementor-element elementor-element-e9fdf0d elementor-widget elementor-widget-heading\" data-id=\"e9fdf0d\" data-element_type=\"widget\" data-widget_type=\"heading.default\">\n\t\t\t\t<div class=\"elementor-widget-container\">\n\t\t\t\t\t<h3 class=\"elementor-heading-title elementor-size-default\">Expresi\u00f3n art\u00edstica | Aventura creativa<\/h3>\t\t\t\t<\/div>\n\t\t\t\t<\/div>\n\t\t\t\t<div class=\"elementor-element elementor-element-82ff082 elementor-widget elementor-widget-text-editor\" data-id=\"82ff082\" data-element_type=\"widget\" data-widget_type=\"text-editor.default\">\n\t\t\t\t<div class=\"elementor-widget-container\">\n\t\t\t\t\t\t\t\t\t<p>Dentro de los diversos proyectos vinculados al programa Encaixa, destaca Aventura Creativa, un proyecto que fomenta la expresi\u00f3n art\u00edstica.<\/p>\t\t\t\t\t\t\t\t<\/div>\n\t\t\t\t<\/div>\n\t\t\t\t<div class=\"elementor-element elementor-element-5986d46 elementor-align-center elementor-widget__width-initial elementor-widget elementor-widget-button\" data-id=\"5986d46\" data-element_type=\"widget\" data-widget_type=\"button.default\">\n\t\t\t\t<div class=\"elementor-widget-container\">\n\t\t\t\t\t\t\t\t\t<div class=\"elementor-button-wrapper\">\n\t\t\t\t\t<a class=\"elementor-button elementor-button-link elementor-size-sm\" href=\"https:\/\/ilersis.org\/expressio-artistica\/\">\n\t\t\t\t\t\t<span class=\"elementor-button-content-wrapper\">\n\t\t\t\t\t\t\t\t\t<span class=\"elementor-button-text\">M\u00e1s informaci\u00f3n<\/span>\n\t\t\t\t\t<\/span>\n\t\t\t\t\t<\/a>\n\t\t\t\t<\/div>\n\t\t\t\t\t\t\t\t<\/div>\n\t\t\t\t<\/div>\n\t\t\t\t<\/div>\n\t\t\t\t\t<\/div>\n\t\t\t\t<\/div>\n\t\t\t\t<\/div>\n\t\t","protected":false},"excerpt":{"rendered":"<p>Entre todas las actividades y servicios de la Fundaci\u00f3, destacan varios proyectos singulares en el campo del teatro inclusivo, la expresi\u00f3n art\u00edstica y el deporte. Teatro | La M\u00e1xima La Compa\u00f1\u00eda La M\u00e1xima es nuestro proyecto de artes esc\u00e9nicas que apuesta por la transformaci\u00f3n social a trav\u00e9s de la visibilizaci\u00f3n esc\u00e9nica de la diversidad. M\u00e1s [&hellip;]<\/p>\n","protected":false},"author":1,"featured_media":0,"parent":0,"menu_order":0,"comment_status":"closed","ping_status":"closed","template":"elementor_header_footer","meta":{"footnotes":""},"class_list":["post-19635","page","type-page","status-publish","hentry"],"yoast_head":"<!-- This site is optimized with the Yoast SEO plugin v27.0 - https:\/\/yoast.com\/product\/yoast-seo-wordpress\/ -->\n<title>Proyectos singulares - Ilersis<\/title>\n<meta name=\"robots\" content=\"index, follow, max-snippet:-1, max-image-preview:large, max-video-preview:-1\" \/>\n<link rel=\"canonical\" href=\"https:\/\/ilersis.org\/es\/proyectos-singulares\/\" \/>\n<meta property=\"og:locale\" content=\"es_ES\" \/>\n<meta property=\"og:type\" content=\"article\" \/>\n<meta property=\"og:title\" content=\"Proyectos singulares - Ilersis\" \/>\n<meta property=\"og:description\" content=\"Entre todas las actividades y servicios de la Fundaci\u00f3, destacan varios proyectos singulares en el campo del teatro inclusivo, la expresi\u00f3n art\u00edstica y el deporte. Teatro | La M\u00e1xima La Compa\u00f1\u00eda La M\u00e1xima es nuestro proyecto de artes esc\u00e9nicas que apuesta por la transformaci\u00f3n social a trav\u00e9s de la visibilizaci\u00f3n esc\u00e9nica de la diversidad. M\u00e1s [&hellip;]\" \/>\n<meta property=\"og:url\" content=\"https:\/\/ilersis.org\/es\/proyectos-singulares\/\" \/>\n<meta property=\"og:site_name\" content=\"Ilersis\" \/>\n<meta property=\"article:publisher\" content=\"https:\/\/www.facebook.com\/fundacioIlersis\" \/>\n<meta property=\"article:modified_time\" content=\"2025-02-15T07:06:00+00:00\" \/>\n<meta property=\"og:image\" content=\"https:\/\/ilersis.org\/wp-content\/uploads\/2024\/11\/5e3bbd41ec21a34f2a040af7d2591d09.jpg\" \/>\n<meta name=\"twitter:card\" content=\"summary_large_image\" \/>\n<meta name=\"twitter:site\" content=\"@ILERSISfundacio\" \/>\n<meta name=\"twitter:label1\" content=\"Tiempo de lectura\" \/>\n\t<meta name=\"twitter:data1\" content=\"1 minuto\" \/>\n<script type=\"application\/ld+json\" class=\"yoast-schema-graph\">{\"@context\":\"https:\/\/schema.org\",\"@graph\":[{\"@type\":\"WebPage\",\"@id\":\"https:\/\/ilersis.org\/es\/proyectos-singulares\/\",\"url\":\"https:\/\/ilersis.org\/es\/proyectos-singulares\/\",\"name\":\"Proyectos singulares - Ilersis\",\"isPartOf\":{\"@id\":\"https:\/\/ilersis.org\/es\/#website\"},\"primaryImageOfPage\":{\"@id\":\"https:\/\/ilersis.org\/es\/proyectos-singulares\/#primaryimage\"},\"image\":{\"@id\":\"https:\/\/ilersis.org\/es\/proyectos-singulares\/#primaryimage\"},\"thumbnailUrl\":\"https:\/\/ilersis.org\/wp-content\/uploads\/2024\/11\/5e3bbd41ec21a34f2a040af7d2591d09.jpg\",\"datePublished\":\"2024-11-01T11:35:35+00:00\",\"dateModified\":\"2025-02-15T07:06:00+00:00\",\"breadcrumb\":{\"@id\":\"https:\/\/ilersis.org\/es\/proyectos-singulares\/#breadcrumb\"},\"inLanguage\":\"es\",\"potentialAction\":[{\"@type\":\"ReadAction\",\"target\":[\"https:\/\/ilersis.org\/es\/proyectos-singulares\/\"]}]},{\"@type\":\"ImageObject\",\"inLanguage\":\"es\",\"@id\":\"https:\/\/ilersis.org\/es\/proyectos-singulares\/#primaryimage\",\"url\":\"https:\/\/ilersis.org\/wp-content\/uploads\/2024\/11\/5e3bbd41ec21a34f2a040af7d2591d09.jpg\",\"contentUrl\":\"https:\/\/ilersis.org\/wp-content\/uploads\/2024\/11\/5e3bbd41ec21a34f2a040af7d2591d09.jpg\"},{\"@type\":\"BreadcrumbList\",\"@id\":\"https:\/\/ilersis.org\/es\/proyectos-singulares\/#breadcrumb\",\"itemListElement\":[{\"@type\":\"ListItem\",\"position\":1,\"name\":\"Hogar\",\"item\":\"https:\/\/ilersis.org\/es\/\"},{\"@type\":\"ListItem\",\"position\":2,\"name\":\"Proyectos singulares\"}]},{\"@type\":\"WebSite\",\"@id\":\"https:\/\/ilersis.org\/es\/#website\",\"url\":\"https:\/\/ilersis.org\/es\/\",\"name\":\"Ilersis\",\"description\":\"Fundaci\u00f3n Ilersis\",\"publisher\":{\"@id\":\"https:\/\/ilersis.org\/es\/#organization\"},\"potentialAction\":[{\"@type\":\"SearchAction\",\"target\":{\"@type\":\"EntryPoint\",\"urlTemplate\":\"https:\/\/ilersis.org\/es\/?s={search_term_string}\"},\"query-input\":{\"@type\":\"PropertyValueSpecification\",\"valueRequired\":true,\"valueName\":\"search_term_string\"}}],\"inLanguage\":\"es\"},{\"@type\":\"Organization\",\"@id\":\"https:\/\/ilersis.org\/es\/#organization\",\"name\":\"Ilersis Fundaci\u00f3 Privada\",\"url\":\"https:\/\/ilersis.org\/es\/\",\"logo\":{\"@type\":\"ImageObject\",\"inLanguage\":\"es\",\"@id\":\"https:\/\/ilersis.org\/es\/#\/schema\/logo\/image\/\",\"url\":\"https:\/\/ilersis.org\/wp-content\/uploads\/2024\/10\/logo-ilersis-sin-fondo.png\",\"contentUrl\":\"https:\/\/ilersis.org\/wp-content\/uploads\/2024\/10\/logo-ilersis-sin-fondo.png\",\"width\":595,\"height\":197,\"caption\":\"Ilersis Fundaci\u00f3 Privada\"},\"image\":{\"@id\":\"https:\/\/ilersis.org\/es\/#\/schema\/logo\/image\/\"},\"sameAs\":[\"https:\/\/www.facebook.com\/fundacioIlersis\",\"https:\/\/x.com\/ILERSISfundacio\",\"https:\/\/www.linkedin.com\/company\/fundacioilersis\/\"]}]}<\/script>\n<!-- \/ Yoast SEO plugin. -->","yoast_head_json":{"title":"Proyectos singulares - Ilersis","robots":{"index":"index","follow":"follow","max-snippet":"max-snippet:-1","max-image-preview":"max-image-preview:large","max-video-preview":"max-video-preview:-1"},"canonical":"https:\/\/ilersis.org\/es\/proyectos-singulares\/","og_locale":"es_ES","og_type":"article","og_title":"Proyectos singulares - Ilersis","og_description":"Entre todas las actividades y servicios de la Fundaci\u00f3, destacan varios proyectos singulares en el campo del teatro inclusivo, la expresi\u00f3n art\u00edstica y el deporte. Teatro | La M\u00e1xima La Compa\u00f1\u00eda La M\u00e1xima es nuestro proyecto de artes esc\u00e9nicas que apuesta por la transformaci\u00f3n social a trav\u00e9s de la visibilizaci\u00f3n esc\u00e9nica de la diversidad. M\u00e1s [&hellip;]","og_url":"https:\/\/ilersis.org\/es\/proyectos-singulares\/","og_site_name":"Ilersis","article_publisher":"https:\/\/www.facebook.com\/fundacioIlersis","article_modified_time":"2025-02-15T07:06:00+00:00","og_image":[{"url":"https:\/\/ilersis.org\/wp-content\/uploads\/2024\/11\/5e3bbd41ec21a34f2a040af7d2591d09.jpg","type":"","width":"","height":""}],"twitter_card":"summary_large_image","twitter_site":"@ILERSISfundacio","twitter_misc":{"Tiempo de lectura":"1 minuto"},"schema":{"@context":"https:\/\/schema.org","@graph":[{"@type":"WebPage","@id":"https:\/\/ilersis.org\/es\/proyectos-singulares\/","url":"https:\/\/ilersis.org\/es\/proyectos-singulares\/","name":"Proyectos singulares - Ilersis","isPartOf":{"@id":"https:\/\/ilersis.org\/es\/#website"},"primaryImageOfPage":{"@id":"https:\/\/ilersis.org\/es\/proyectos-singulares\/#primaryimage"},"image":{"@id":"https:\/\/ilersis.org\/es\/proyectos-singulares\/#primaryimage"},"thumbnailUrl":"https:\/\/ilersis.org\/wp-content\/uploads\/2024\/11\/5e3bbd41ec21a34f2a040af7d2591d09.jpg","datePublished":"2024-11-01T11:35:35+00:00","dateModified":"2025-02-15T07:06:00+00:00","breadcrumb":{"@id":"https:\/\/ilersis.org\/es\/proyectos-singulares\/#breadcrumb"},"inLanguage":"es","potentialAction":[{"@type":"ReadAction","target":["https:\/\/ilersis.org\/es\/proyectos-singulares\/"]}]},{"@type":"ImageObject","inLanguage":"es","@id":"https:\/\/ilersis.org\/es\/proyectos-singulares\/#primaryimage","url":"https:\/\/ilersis.org\/wp-content\/uploads\/2024\/11\/5e3bbd41ec21a34f2a040af7d2591d09.jpg","contentUrl":"https:\/\/ilersis.org\/wp-content\/uploads\/2024\/11\/5e3bbd41ec21a34f2a040af7d2591d09.jpg"},{"@type":"BreadcrumbList","@id":"https:\/\/ilersis.org\/es\/proyectos-singulares\/#breadcrumb","itemListElement":[{"@type":"ListItem","position":1,"name":"Hogar","item":"https:\/\/ilersis.org\/es\/"},{"@type":"ListItem","position":2,"name":"Proyectos singulares"}]},{"@type":"WebSite","@id":"https:\/\/ilersis.org\/es\/#website","url":"https:\/\/ilersis.org\/es\/","name":"Ilersis","description":"Fundaci\u00f3n Ilersis","publisher":{"@id":"https:\/\/ilersis.org\/es\/#organization"},"potentialAction":[{"@type":"SearchAction","target":{"@type":"EntryPoint","urlTemplate":"https:\/\/ilersis.org\/es\/?s={search_term_string}"},"query-input":{"@type":"PropertyValueSpecification","valueRequired":true,"valueName":"search_term_string"}}],"inLanguage":"es"},{"@type":"Organization","@id":"https:\/\/ilersis.org\/es\/#organization","name":"Ilersis Fundaci\u00f3 Privada","url":"https:\/\/ilersis.org\/es\/","logo":{"@type":"ImageObject","inLanguage":"es","@id":"https:\/\/ilersis.org\/es\/#\/schema\/logo\/image\/","url":"https:\/\/ilersis.org\/wp-content\/uploads\/2024\/10\/logo-ilersis-sin-fondo.png","contentUrl":"https:\/\/ilersis.org\/wp-content\/uploads\/2024\/10\/logo-ilersis-sin-fondo.png","width":595,"height":197,"caption":"Ilersis Fundaci\u00f3 Privada"},"image":{"@id":"https:\/\/ilersis.org\/es\/#\/schema\/logo\/image\/"},"sameAs":["https:\/\/www.facebook.com\/fundacioIlersis","https:\/\/x.com\/ILERSISfundacio","https:\/\/www.linkedin.com\/company\/fundacioilersis\/"]}]}},"_links":{"self":[{"href":"https:\/\/ilersis.org\/es\/wp-json\/wp\/v2\/pages\/19635","targetHints":{"allow":["GET"]}}],"collection":[{"href":"https:\/\/ilersis.org\/es\/wp-json\/wp\/v2\/pages"}],"about":[{"href":"https:\/\/ilersis.org\/es\/wp-json\/wp\/v2\/types\/page"}],"author":[{"embeddable":true,"href":"https:\/\/ilersis.org\/es\/wp-json\/wp\/v2\/users\/1"}],"replies":[{"embeddable":true,"href":"https:\/\/ilersis.org\/es\/wp-json\/wp\/v2\/comments?post=19635"}],"version-history":[{"count":2,"href":"https:\/\/ilersis.org\/es\/wp-json\/wp\/v2\/pages\/19635\/revisions"}],"predecessor-version":[{"id":19637,"href":"https:\/\/ilersis.org\/es\/wp-json\/wp\/v2\/pages\/19635\/revisions\/19637"}],"wp:attachment":[{"href":"https:\/\/ilersis.org\/es\/wp-json\/wp\/v2\/media?parent=19635"}],"curies":[{"name":"wp","href":"https:\/\/api.w.org\/{rel}","templated":true}]}}